{"id":111,"date":"2017-02-20T18:42:54","date_gmt":"2017-02-20T17:42:54","guid":{"rendered":"http:\/\/heraldyka.kaminscy.pl\/?page_id=111"},"modified":"2017-02-25T17:39:18","modified_gmt":"2017-02-25T16:39:18","slug":"varia","status":"publish","type":"page","link":"https:\/\/kaminscy.pl\/index.php\/varia\/","title":{"rendered":"Varia"},"content":{"rendered":"<p><img decoding=\"async\" loading=\"lazy\" class=\"alignnone size-full wp-image-209\" src=\"http:\/\/genealogia.kaminscy.pl\/wp-content\/uploads\/2017\/02\/napVARIA1.jpg\" alt=\"\" width=\"138\" height=\"35\" \/><\/p>\n<p><img decoding=\"async\" loading=\"lazy\" class=\"alignnone size-full wp-image-213 aligncenter\" src=\"http:\/\/genealogia.kaminscy.pl\/wp-content\/uploads\/2017\/02\/ozdob.gif\" alt=\"\" width=\"100\" height=\"31\" \/><\/p>\n<p style=\"text-align: center;\"><span style=\"color: #800000;\">Sekcja po\u015bwi\u0119cona wszelkim ciekawostkom zwi\u0105zanymi z rodzin\u0105 Kami\u0144skich. Tematy, kt\u00f3re si\u0119 tu pojawi\u0105 maj\u0105 szanse w przysz\u0142o\u015bci osi\u0105gn\u0105\u0107 status w\u0142asnej sekcji. \u017bycie zaskakuje i okazuje si\u0119, \u017ce nie spodziewali\u015bmy si\u0119 gdzie nasi przodkowie potrafili si\u0119 pojawi\u0107.<\/span><\/p>\n<p style=\"text-align: center;\"><span style=\"color: #000080;\">Zach\u0119cam do wsp\u00f3lnego redagowania tej cz\u0119\u015bci naszej witryny!<\/span><\/p>\n<p style=\"text-align: center;\"><a href=\"mailto:genealogia@kaminscy.pl\"><img decoding=\"async\" loading=\"lazy\" class=\"aligncenter wp-image-215 size-full\" src=\"http:\/\/genealogia.kaminscy.pl\/wp-content\/uploads\/2017\/02\/poczta.gif\" width=\"33\" height=\"24\" \/><\/a><\/p>\n","protected":false},"excerpt":{"rendered":"<p>Sekcja po\u015bwi\u0119cona wszelkim ciekawostkom zwi\u0105zanymi z rodzin\u0105 Kami\u0144skich. Tematy, kt\u00f3re si\u0119 tu pojawi\u0105 maj\u0105 szanse w przysz\u0142o\u015bci osi\u0105gn\u0105\u0107 status w\u0142asnej sekcji. \u017bycie zaskakuje i okazuje si\u0119, \u017ce nie spodziewali\u015bmy si\u0119 gdzie nasi przodkowie potrafili si\u0119 pojawi\u0107. Zach\u0119cam do wsp\u00f3lnego redagowania tej cz\u0119\u015bci naszej witryny!<\/p>\n","protected":false},"author":1,"featured_media":0,"parent":0,"menu_order":9,"comment_status":"closed","ping_status":"closed","template":"","meta":[],"_links":{"self":[{"href":"https:\/\/kaminscy.pl\/index.php\/wp-json\/wp\/v2\/pages\/111"}],"collection":[{"href":"https:\/\/kaminscy.pl\/index.php\/wp-json\/wp\/v2\/pages"}],"about":[{"href":"https:\/\/kaminscy.pl\/index.php\/wp-json\/wp\/v2\/types\/page"}],"author":[{"embeddable":true,"href":"https:\/\/kaminscy.pl\/index.php\/wp-json\/wp\/v2\/users\/1"}],"replies":[{"embeddable":true,"href":"https:\/\/kaminscy.pl\/index.php\/wp-json\/wp\/v2\/comments?post=111"}],"version-history":[{"count":4,"href":"https:\/\/kaminscy.pl\/index.php\/wp-json\/wp\/v2\/pages\/111\/revisions"}],"predecessor-version":[{"id":401,"href":"https:\/\/kaminscy.pl\/index.php\/wp-json\/wp\/v2\/pages\/111\/revisions\/401"}],"wp:attachment":[{"href":"https:\/\/kaminscy.pl\/index.php\/wp-json\/wp\/v2\/media?parent=111"}],"curies":[{"name":"wp","href":"https:\/\/api.w.org\/{rel}","templated":true}]}}