{"id":119,"date":"2017-02-20T18:46:35","date_gmt":"2017-02-20T17:46:35","guid":{"rendered":"http:\/\/heraldyka.kaminscy.pl\/?page_id=119"},"modified":"2017-04-07T19:05:29","modified_gmt":"2017-04-07T17:05:29","slug":"virtutimilitari","status":"publish","type":"page","link":"https:\/\/kaminscy.pl\/index.php\/varia\/virtutimilitari\/","title":{"rendered":"VirtutiMilitari"},"content":{"rendered":"<p><img decoding=\"async\" loading=\"lazy\" class=\"alignnone size-full wp-image-209\" src=\"http:\/\/genealogia.kaminscy.pl\/wp-content\/uploads\/2017\/02\/napVARIA1.jpg\" alt=\"\" width=\"138\" height=\"35\" \/><\/p>\n<p><img decoding=\"async\" loading=\"lazy\" class=\"alignnone size-full wp-image-213 aligncenter\" src=\"http:\/\/genealogia.kaminscy.pl\/wp-content\/uploads\/2017\/02\/ozdob.gif\" alt=\"\" width=\"100\" height=\"31\" \/><\/p>\n<p align=\"center\"><b>Order Virtuti Militari<\/b><br \/>\n<img decoding=\"async\" loading=\"lazy\" src=\"http:\/\/kaminscy.pl\/images\/Virtuti.gif\" width=\"227\" height=\"167\" border=\"0\" \/><\/p>\n<p><i>najwy\u017csze polskie odznaczenie wojskowe. Ustanowiony przez kr\u00f3la Stanis\u0142awa Augusta Poniatowskiego na pami\u0105tk\u0119 zwyci\u0119stwa w\u00a0bitwie pod Ziele\u0144cami w\u00a0wojnie polsko-rosyjskiej 1792. Zniesiony w\u00a0tym\u017ce roku przez konfederacj\u0119 targowick\u0105. Nadawany za wybitne zas\u0142ugi bojowe.<br \/>\nPierwotnie kszta\u0142tu owalnego, przedstawiaj\u0105cy na awersie koron\u0119 kr\u00f3lewsk\u0105 z\u00a0monogramem SAR (Stanislaus Augustus Rex), pod nim dwie wawrzynowe ga\u0142\u0105zki, przewi\u0105zane wst\u0105\u017ck\u0105. Na rewersie napis Virtuti Militari, u\u00a0spodu ga\u0142\u0105zki wawrzynu z\u00a0wst\u0105\u017ck\u0105. Oryginalna sztanca pierwszego orderu Virtuti Militari znajduje si\u0119 w\u00a0Mennicy Warszawskiej.<br \/>\nZa zas\u0142ugi w\u00a0bitwie pod Ziele\u0144cami orderem Virtuti Militari odznaczono m.in.: T. Ko\u015bciuszk\u0119, M. Wielhorskiego, J. Poniatowskiego.<\/i><\/p>\n<p><i>Restytuowany w\u00a01807 pod nazw\u0105 Order Wojskowy Ksi\u0119stwa Warszawskiego. Ustali\u0142 si\u0119 w\u00f3wczas istniej\u0105cy do dzi\u015b podzia\u0142 na 5\u00a0klas:<\/i><br \/>\n<span style=\"color: #000080;\">Krzy\u017c Wielki orderu Virtuti Militari,<\/span><br \/>\n<span style=\"color: #000080;\"> Krzy\u017c Komandorski orderu Virtuti Militari,<\/span><br \/>\n<span style=\"color: #000080;\"> Krzy\u017c Kawalerski orderu Virtuti Militari,<\/span><br \/>\n<span style=\"color: #000080;\"> Krzy\u017c Z\u0142oty orderu Virtuti Militari,<\/span><br \/>\n<span style=\"color: #000080;\"> Krzy\u017c Srebrny orderu Virtuti Militari.<\/span><\/p>\n<p><i>W\u00a0okresie Kr\u00f3lestwa Polskiego zachowany jako Order Wojskowy Polski. Po kl\u0119sce powstania listopadowego car Miko\u0142aj I zdegradowa\u0142 najwy\u017cszy polski order do roli odznaki pami\u0105tkowej, nadawanej wojskowym rosyjskim za udzia\u0142 w\u00a0t\u0142umieniu powstania.<\/i><\/p>\n<p><i>Order Virtuti Militari wznowiono ustaw\u0105 sejmow\u0105 z\u00a01\u00a0VIII 1919.<\/i><\/p>\n<p><i>W\u015br\u00f3d nagrodzonych krzy\u017cem orderu Virtuti Militari w\u00a0latach 1918-1933 przewa\u017cali \u017co\u0142nierze legionowi i\u00a0uczestnicy wojny polsko-bolszewickiej. W\u00a0latach 1939-1945 odznacze\u0144 krzy\u017cem dokonywa\u0142a kapitu\u0142a orderu Virtuti Militari na wniosek Naczelnego Wodza Polskich Si\u0142 Zbrojnych na Zachodzie, w\u00a0kraju na wniosek Komendanta G\u0142\u00f3wnego AK. W\u015br\u00f3d odznaczonych znale\u017ali si\u0119 m.in.: T. Komorowski, W. Anders, F. Kleeberg, S. Maczek, W. Czuma.<\/i><\/p>\n<p align=\"center\"><img decoding=\"async\" loading=\"lazy\" src=\"http:\/\/kaminscy.pl\/images\/VirtutiK.gif\" width=\"170\" height=\"239\" border=\"0\" \/><\/p>\n<p><i>Order Virtuti Militari przej\u0119\u0142y w\u0142adze komunistyczne, kt\u00f3re upowszechni\u0142y kolektywne nagradzanie zas\u0142ug wojennych, dekoruj\u0105c m.in. 23 jednostki Ludowego Wojska Polskiego Srebrnym Krzy\u017cem orderu Virtuti Militari. W\u00a0latach 1943-1976 og\u00f3\u0142em nadano 5167 krzy\u017cy orderu Virtuti Militari. Order nadawany by\u0142 r\u00f3wnolegle przez dzia\u0142aj\u0105cy w\u00a0Londynie polski rz\u0105d na emigracji.<\/i><\/p>\n<p align=\"center\"><b><i>Kaminscy odznaczeni orderem Virtuti-Militari<br \/>\nw latach 1792-1992<br \/>\n<\/i><\/b><\/p>\n<p align=\"center\">[table id=1 \/]<\/p>\n<p style=\"text-align: center; font-size: small;\"><span style=\"color: #008000;\"><i>(najprawdopodobniej jest 66 kaweler\u00f3w nosz\u0105cych nazwisko Kami\u0144ski<br \/>\ni 15 kawaler\u00f3w z nazwiskiem Kamie\u0144ski<br \/>\noraz 1 kobieta)<\/i><\/span><\/p>\n<p style=\"text-align: center;\"><i><br \/>\nOsoby posiadaj\u0105ce informacje (i chc\u0105cy si\u0119 nimi podzieli\u0107) o wy\u017cej wymienionych\u00a0 osobach\u00a0 prosz\u0119 o kontakt.<br \/>\n<\/i>Licz\u0119 \u017ce dzi\u0119ki uprzejmo\u015bci odwiedzaj\u0105cych uda nam si\u0119 ustali\u0107 dok\u0142adnie wszystkie personalia !!!<\/p>\n<p style=\"text-align: center;\"><a href=\"mailto:info@kaminscy.pl\"><img decoding=\"async\" loading=\"lazy\" class=\"aligncenter\" src=\"http:\/\/kaminscy.pl\/images\/poczta.gif\" width=\"33\" height=\"24\" border=\"0\" \/><\/a><\/p>\n","protected":false},"excerpt":{"rendered":"<p>Order Virtuti Militari najwy\u017csze polskie odznaczenie wojskowe. Ustanowiony przez kr\u00f3la Stanis\u0142awa Augusta Poniatowskiego na pami\u0105tk\u0119 zwyci\u0119stwa w\u00a0bitwie pod Ziele\u0144cami w\u00a0wojnie polsko-rosyjskiej 1792. Zniesiony w\u00a0tym\u017ce roku przez konfederacj\u0119 targowick\u0105. Nadawany za wybitne zas\u0142ugi bojowe. Pierwotnie kszta\u0142tu owalnego, przedstawiaj\u0105cy na awersie koron\u0119 kr\u00f3lewsk\u0105 z\u00a0monogramem SAR (Stanislaus Augustus Rex), pod nim dwie wawrzynowe ga\u0142\u0105zki, przewi\u0105zane wst\u0105\u017ck\u0105. Na rewersie &hellip; <a href=\"https:\/\/kaminscy.pl\/index.php\/varia\/virtutimilitari\/\" class=\"more-link\">Czytaj dalej<span class=\"screen-reader-text\"> VirtutiMilitari<\/span><\/a><\/p>\n","protected":false},"author":1,"featured_media":0,"parent":111,"menu_order":83,"comment_status":"closed","ping_status":"closed","template":"","meta":[],"_links":{"self":[{"href":"https:\/\/kaminscy.pl\/index.php\/wp-json\/wp\/v2\/pages\/119"}],"collection":[{"href":"https:\/\/kaminscy.pl\/index.php\/wp-json\/wp\/v2\/pages"}],"about":[{"href":"https:\/\/kaminscy.pl\/index.php\/wp-json\/wp\/v2\/types\/page"}],"author":[{"embeddable":true,"href":"https:\/\/kaminscy.pl\/index.php\/wp-json\/wp\/v2\/users\/1"}],"replies":[{"embeddable":true,"href":"https:\/\/kaminscy.pl\/index.php\/wp-json\/wp\/v2\/comments?post=119"}],"version-history":[{"count":29,"href":"https:\/\/kaminscy.pl\/index.php\/wp-json\/wp\/v2\/pages\/119\/revisions"}],"predecessor-version":[{"id":325,"href":"https:\/\/kaminscy.pl\/index.php\/wp-json\/wp\/v2\/pages\/119\/revisions\/325"}],"up":[{"embeddable":true,"href":"https:\/\/kaminscy.pl\/index.php\/wp-json\/wp\/v2\/pages\/111"}],"wp:attachment":[{"href":"https:\/\/kaminscy.pl\/index.php\/wp-json\/wp\/v2\/media?parent=119"}],"curies":[{"name":"wp","href":"https:\/\/api.w.org\/{rel}","templated":true}]}}