{"id":124,"date":"2017-02-20T18:59:20","date_gmt":"2017-02-20T17:59:20","guid":{"rendered":"http:\/\/heraldyka.kaminscy.pl\/?page_id=124"},"modified":"2017-02-24T20:33:46","modified_gmt":"2017-02-24T19:33:46","slug":"sejm","status":"publish","type":"page","link":"https:\/\/kaminscy.pl\/index.php\/varia\/sejm\/","title":{"rendered":"Sejm"},"content":{"rendered":"<p><img decoding=\"async\" loading=\"lazy\" class=\"alignnone size-full wp-image-209\" src=\"http:\/\/genealogia.kaminscy.pl\/wp-content\/uploads\/2017\/02\/napVARIA1.jpg\" alt=\"\" width=\"138\" height=\"35\" \/><\/p>\n<p><img decoding=\"async\" loading=\"lazy\" class=\"alignnone size-full wp-image-213 aligncenter\" src=\"http:\/\/genealogia.kaminscy.pl\/wp-content\/uploads\/2017\/02\/ozdob.gif\" alt=\"\" width=\"100\" height=\"31\" \/><\/p>\n<table id=\"AutoNumber3\" border=\"0\" width=\"100%\" cellspacing=\"0\" cellpadding=\"5\">\n<tbody>\n<tr>\n<td colspan=\"3\" width=\"60%\">\n<p align=\"center\"><img decoding=\"async\" loading=\"lazy\" src=\"http:\/\/kaminscy.pl\/images\/sejm.jpg\" width=\"298\" height=\"227\" border=\"0\" \/><\/p>\n<\/td>\n<td colspan=\"2\" width=\"40%\"><span style=\"color: #800000;\"><i><span style=\"font-family: 'Arial CE', Arial, Helvetica, sans-serif; font-size: small;\"> Pocz\u0105wszy od XIV w. kiedy to stan szlachecki otrzymywa\u0142 coraz wi\u0119ksze przywileje r\u00f3s\u0142 jego udzia\u0142 w decyzjach o podatkach czy zaanga\u017cowaniu w operacjach zbrojnych. Polski Sejm wykszta\u0142ci\u0142 si\u0119 z trzech stan\u00f3w sejmuj\u0105cych: kr\u00f3la, senatu i izby poselskiej w postaci Sejmu Walnego i powstawa\u0142 w podobnym okresie jak niemiecki Reichstag. <\/span> <\/i><\/span><\/td>\n<\/tr>\n<tr>\n<td colspan=\"5\" width=\"100%\">\n<p align=\"justify\"><span style=\"color: #800000;\"><i><br \/>\nW wyniku s\u0142abej pozycji kr\u00f3la (monarchia elekcyjna) ros\u0142a pozycja szlachty i co za tym idzie Sejmu. W XVII w. jednak wskutek stosowania zasady liberum veto rozpoczyna si\u0119 kryzys prawodawczy, kt\u00f3ry ostatecznie doprowadzi\u0142 do rozbior\u00f3w.<\/i><\/span><\/p>\n<\/td>\n<\/tr>\n<tr>\n<td colspan=\"4\" width=\"80%\"><span style=\"color: #800000; font-family: 'Arial CE', Arial, Helvetica, sans-serif; font-size: small;\"><i>Pr\u00f3by ratowania krytycznego stanu pa\u0144stwa doprowadzi\u0142y do zwo\u0142ania w 1791r. Sejmu zwanego Wielkim i uchwalenia pierwszej w Europie tak nowoczesnej konstytucji. Wprowadzono szereg zmian maj\u0105cych na celu usprawnienie funkcjonowania pa\u0144stwa (dwuizbowy parlament, g\u0142osowanie wi\u0119kszo\u015bciowe &#8230;). Nie doczekali\u015bmy si\u0119 jednak wprowadzenia w pe\u0142ni nowej konstytucji. S\u0105siednie mocarstwa dokona\u0142y trzech rozbior\u00f3w. W\u0142adza ustawodawcza przesta\u0142a w Polsce istnie\u0107 na ponad sto lat.<\/i><\/span><\/td>\n<td width=\"20%\">\n<p align=\"center\"><img decoding=\"async\" loading=\"lazy\" src=\"http:\/\/kaminscy.pl\/images\/sejm1.jpg\" width=\"238\" height=\"171\" border=\"0\" \/><\/p>\n<\/td>\n<\/tr>\n<tr>\n<td width=\"20%\"><img decoding=\"async\" loading=\"lazy\" src=\"http:\/\/kaminscy.pl\/images\/sejm3.jpg\" width=\"165\" height=\"191\" border=\"0\" \/><\/td>\n<td colspan=\"4\" width=\"80%\">\n<p align=\"justify\"><span style=\"color: #800000;\"><i>Nast\u0119pne posiedzenie Sejmu odby\u0142o si\u0119 dopiero w roku 1919 po odzyskaniu przez Polsk\u0119 niepodleg\u0142o\u015bci. Ma\u0142a Konstytucja wprowadzi\u0142a ustr\u00f3j republika\u0144ski. Podstawowym organem w\u0142adzy zostaje Sejm, kt\u00f3rego rol\u0119 zmniejszy\u0142 dopiero zamach majowy dokonany przez J\u00f3zefa Pi\u0142sudskiego. <\/i><\/span><\/p>\n<p align=\"justify\"><span style=\"color: #800000;\"><i>Okres powojenny to kierownicza rola PZPR i w rezultacie jednopartyjny system w\u0142adzy. Rola sejmu ogranicza\u0142a si\u0119 do afiliacji decyzji podj\u0119tych w Komitecie Centralnym.<\/i><\/span><\/p>\n<\/td>\n<\/tr>\n<tr>\n<td colspan=\"5\" width=\"100%\">\n<p align=\"center\"><span style=\"color: #800000; font-family: 'Arial CE', Arial, Helvetica, sans-serif; font-size: small;\"><i>Sejm ponownie zacz\u0105\u0142 odgrywa\u0107 swoj\u0105 rol\u0119 dopiero po 1989 roku, kiedy to w wyniku porozumie\u0144 okr\u0105g\u0142ego sto\u0142u powo\u0142ano do \u017cycia dwuizbowy parlament ale na zasadach &#8222;ograniczonej demokracji&#8221;. Pozwoli\u0142o to jednak na blokowanie niewygodnych uchwa\u0142 przez opozycje i doprowadzenie do demokratycznych wybor\u00f3w w latach nast\u0119pnych: 1991, 1993, &#8230;., 2001<\/i><\/span><\/p>\n<\/td>\n<\/tr>\n<tr>\n<td colspan=\"5\" width=\"100%\">\n<p align=\"center\"><i><span style=\"color: #000080; font-family: 'Arial CE', Arial, Helvetica, sans-serif; font-size: small;\"> I tu trzeba by ustali\u0107 jak\u0105 rol\u0119 odegrali Kami\u0144scy w tworzeniu polskiej pa\u0144stwowo\u015bci.<br \/>\nKolejna strona stara si\u0119 przybli\u017cy\u0107 te postaci.<\/span><\/i><\/p>\n<\/td>\n<\/tr>\n<\/tbody>\n<\/table>\n<p>SejmKam<\/p>\n<table id=\"AutoNumber2\" border=\"0\" width=\"100%\" cellspacing=\"0\" cellpadding=\"0\">\n<tbody>\n<tr>\n<td colspan=\"2\" width=\"20%\">\n<p align=\"center\"><img decoding=\"async\" loading=\"lazy\" src=\"http:\/\/kaminscy.pl\/images\/ozdob.gif\" width=\"100\" height=\"31\" border=\"0\" \/><\/p>\n<\/td>\n<td width=\"20%\"><\/td>\n<td width=\"20%\"><\/td>\n<\/tr>\n<tr>\n<td colspan=\"6\" width=\"100%\">\n<p align=\"center\"><i><span style=\"color: #000080;\">Podobnie jak wielu innych podobnie i Kami\u0144scy uczestniczyli w \u017cyciu spo\u0142ecznym i politycznym kraju.<br \/>\nT\u0119 stron\u0119 chcia\u0142bym po\u015bwi\u0119ci\u0107 pos\u0142om na Sejm a nosz\u0105cym te nazwisko.<\/span><\/i><\/p>\n<p align=\"center\"><span style=\"color: #003300;\"><i>Podobnie <\/i><\/span><i><span style=\"color: #003300;\">jak w wielu wcze\u015bniejszych przypadkach zwracam si\u0119 z pro\u015bb\u0105 o pomoc w ustaleniu wszystkich Kami\u0144skich tworz\u0105cych w\u0142adz\u0119 ustawodawcz\u0105. <\/span><\/i><\/p>\n<\/td>\n<\/tr>\n<tr>\n<td width=\"20%\"><\/td>\n<td width=\"20%\"><\/td>\n<td colspan=\"2\" width=\"20%\"><\/td>\n<td width=\"20%\"><\/td>\n<td width=\"20%\"><\/td>\n<\/tr>\n<tr>\n<td width=\"20%\"><\/td>\n<td width=\"20%\"><\/td>\n<td colspan=\"2\" width=\"20%\">\n<p align=\"center\"><img decoding=\"async\" loading=\"lazy\" src=\"http:\/\/kaminscy.pl\/images\/ozdob.gif\" width=\"100\" height=\"31\" border=\"0\" \/><\/p>\n<\/td>\n<td width=\"20%\"><\/td>\n<td width=\"20%\"><\/td>\n<\/tr>\n<tr>\n<td colspan=\"6\" width=\"100%\"><\/td>\n<\/tr>\n<tr>\n<td colspan=\"2\" width=\"40%\"><b> Kamie\u0144ski <\/b> (Kami\u0144ski) W\u0142odzimierz <span style=\"font-size: small;\">Dadzi<\/span><span style=\"color: #800000; font-size: small;\">b\u00f3g<\/span><span style=\"color: #800000; font-size: small;\"> (Da\u017ab\u00f3g) h. \u015alepowron (zm. po 1677), pod<\/span><span style=\"color: #800000; font-size: small;\">komorzy m\u015bcis\u0142awski, <\/span><\/td>\n<td width=\"10%\"><\/td>\n<td colspan=\"3\" width=\"50%\"><i><span style=\"font-size: small;\">Pos\u0142owa\u0142 z woj. m\u015bcis\u0142awskiego na sejmy:<br \/>\n1648, <\/span> <span style=\"font-size: small;\">1649, 1653, 1658, 1659, 1661, 1662, 1668; pod\u00adpisa\u0142 konfederacj\u0119 generaln\u0105 i elekcj\u0119 Jana Ka<\/span><span style=\"font-size: small;\">zimierza oraz Jana <\/span> <span style=\"font-size: small;\">III.<br \/>\n<\/span> <span style=\"font-size: small;\">Na sejmie 1649 r. zosta\u0142<\/span><span style=\"font-size: small;\"> komisarzem do badania mennicy, a na sejmie <\/span> <span style=\"font-size: small;\">1653 r. komisarzem do zap\u0142aty wojsku, pozosta<\/span><span style=\"font-size: small;\">j\u0105cemu na za\u0142odze w Smole\u0144sku<\/span><\/i><\/td>\n<\/tr>\n<tr>\n<td colspan=\"2\" width=\"40%\"><\/td>\n<td width=\"10%\"><\/td>\n<td width=\"10%\"><\/td>\n<td colspan=\"2\" width=\"40%\"><\/td>\n<\/tr>\n<tr>\n<td colspan=\"2\" width=\"40%\"><b> Kamie\u0144ski <\/b> (Kami\u0144ski) Zygmunt h. <span style=\"font-size: small;\">\u015alepowron <\/span> <span style=\"font-size: small;\">(ok. 1650\u20141711), podczaszy nowogrodzki, ge\u00ad<\/span><span style=\"font-size: small;\">nera\u0142 major wojsk kor. <\/span><\/td>\n<td width=\"10%\"><\/td>\n<td colspan=\"3\" width=\"50%\"><i><span style=\"font-size: small;\">W r. 1697 jako jeden z pos\u0142\u00f3w ziemi halickiej <\/span> <span style=\"font-size: small;\">wzi\u0105\u0142 udzia\u0142 w sejmie elekcyjnym na polach <\/span> <span style=\"font-size: small;\">pod Wol\u0105 ko\u0142o Warszawy i podpisa\u0142 akt elekcji <\/span> <span style=\"font-size: small;\">Augusta <\/span> <span style=\"font-size: small;\">II.<\/span><\/i><\/td>\n<\/tr>\n<tr>\n<td colspan=\"2\" width=\"40%\"><\/td>\n<td width=\"10%\"><\/td>\n<td width=\"10%\"><\/td>\n<td colspan=\"2\" width=\"40%\"><\/td>\n<\/tr>\n<tr>\n<td colspan=\"2\" width=\"40%\"><b> Kamie\u0144ski <\/b> (Kami\u0144ski) Micha\u0142 <span style=\"font-size: small;\">Stanis\u0142aw Kor<\/span><span style=\"color: #800000; font-size: small;\">win h. \u015alepowron (1688 \u2014ok. 1770), starosta borecki, podczaszy halicki, genera\u0142 lejtnant, <\/span><\/td>\n<td width=\"10%\"><\/td>\n<td colspan=\"3\" width=\"50%\"><i><span style=\"font-size: small;\">w r. 1733 jako staro\u00ad<\/span><span style=\"font-size: small;\">sta borecki (do 1746) pos\u0142owa\u0142 z ziemi halickiej <\/span> <span style=\"font-size: small;\">na sejm elekcyjny, a z Micha\u0142em Potockim, <\/span> <span style=\"font-size: small;\">woj. wo\u0142y\u0144skim, i regimentarzem generalnym <\/span> <span style=\"font-size: small;\">wojsk kor., omawia\u0142 spraw\u0119 przysz\u0142ego kandy\u00addata do tronu.<br \/>\nZapewne <\/span> <span style=\"font-size: small;\">K. jest identyczny z gen. Kami\u0144skim, pos\u0142em ziemi bielskiej na sejm 1744 r. <\/span> <\/i><\/td>\n<\/tr>\n<tr>\n<td colspan=\"2\" width=\"40%\"><\/td>\n<td width=\"10%\"><\/td>\n<td width=\"10%\"><\/td>\n<td colspan=\"2\" width=\"40%\"><\/td>\n<\/tr>\n<tr>\n<td colspan=\"2\" width=\"40%\"><b><span style=\"color: #800000;\">Kami\u0144ski<\/span><\/b><span style=\"color: #800000;\"> Ignacy (1819\u20141902), <span style=\"font-size: small;\"> polityk galicyjski, burmistrz Stanis\u0142awowa, prawnik.<\/span><\/span><\/td>\n<td width=\"10%\"><\/td>\n<td colspan=\"3\" width=\"50%\"><i><span style=\"font-size: small;\">W zwi\u0105zku z tym w r. 1868 <\/span> <span style=\"font-size: small;\">zdoby\u0142 mandat do Sejmu Galicyjskiego, czemu sprzeciwi\u0142o si\u0119 namiestnictwo, zarzucaj\u0105c wadli\u00ad<\/span><span style=\"font-size: small;\">wo\u015b\u0107 wybor\u00f3w; sejm uchyli\u0142 te zastrze\u017cenia, <\/span> <span style=\"font-size: small;\">uchwalaj\u0105c wy\u0142\u0105czno\u015b\u0107 kompetencji sejmu w za\u00adkresie weryfikacji akt\u00f3w wyborczych. W Sejmie <\/span> <span style=\"font-size: small;\">Galicyjskim, kt\u00f3ry wybra\u0142 go na cz\u0142onka Wy\u00ad<\/span><span style=\"font-size: small;\">dzia\u0142u Krajowego z kurii miast (1868), obejmo\u00ad<\/span><span style=\"font-size: small;\">wa\u0142 wa\u017cne dla kraju referaty w zakresie <\/span> <span style=\"font-size: small;\">podatk\u00f3w, ce\u0142, szpitalnictwa i ustawy propina<\/span><span style=\"color: #800000; font-size: small;\">cyjnej (1869\u201483).<br \/>\nW r. 1875 wyst\u0105pi\u0142 z w\u0142as<\/span><span style=\"font-size: small;\">nym wnioskiem w sprawie \u00aburegulowania sto\u00ad<\/span><span style=\"font-size: small;\">sunk\u00f3w mi\u0119dzy narodowo\u015bci\u0105 rusk\u0105 a polsk\u0105, <\/span> <span style=\"font-size: small;\">nad czym wi\u0119kszo\u015b\u0107 sejmu przesz\u0142a do porz\u0105dku dziennego. <\/span> <\/i><\/td>\n<\/tr>\n<tr>\n<td colspan=\"2\" width=\"40%\"><\/td>\n<td width=\"10%\"><\/td>\n<td width=\"10%\"><\/td>\n<td colspan=\"2\" width=\"40%\"><\/td>\n<\/tr>\n<tr>\n<td colspan=\"2\" width=\"40%\"><b><span style=\"color: #800000;\">Kami<\/span><\/b><b><span style=\"color: #800000;\">\u0144ski Aleksander <\/span><\/b><span style=\"color: #800000; font-size: small;\">(1880-1940)<\/span><\/td>\n<td width=\"10%\"><\/td>\n<td colspan=\"3\" width=\"50%\"><span style=\"color: #800000; font-size: small;\"><i>brat ks. W\u0142adys\u0142awa Kami\u0144skiego<\/i><\/span><\/td>\n<\/tr>\n<tr>\n<td colspan=\"2\" width=\"40%\"><\/td>\n<td width=\"10%\"><\/td>\n<td colspan=\"3\" width=\"50%\"><\/td>\n<\/tr>\n<tr>\n<td colspan=\"2\" width=\"40%\"><b> Kami\u0144ski W\u0142adys\u0142aw<\/b> (1897\u20141944), <span style=\"font-size: small;\"> dzia\u0142acz <\/span> <span style=\"font-size: small;\">sanacyjny na Wile\u0144szczy\u017anie, pose\u0142 i senator <\/span> <span style=\"font-size: small;\">BBWR.<\/span><\/td>\n<td width=\"10%\"><\/td>\n<td colspan=\"3\" width=\"50%\"><i><span style=\"font-size: small;\">W 1. 1928\u201435 by\u0142 wybierany do kolejnych sej<\/span><span style=\"font-size: small;\">m\u00f3w z listy Bezpartyjnego Bloku Wsp\u00f3\u0142pracy <\/span> <span style=\"font-size: small;\">z Rz\u0105dem (BBWR) z terenu woj. wile\u0144skiego <\/span> <span style=\"font-size: small;\">i nowogr\u00f3dzkiego. W IV kadencji Sejmu (1935\u20148) by\u0142 zast\u0119pc\u0105 przewodnicz\u0105cego Sejmowej Komisji Bud\u017cetowej. W wyborach 1938 r. wszed\u0142 do Senatu z pow. wilejskiego, oszmia\u0144skiego i Molodeczna. Pracowa\u0142 w komisjach: bud\u017cetowej, <\/span> <span style=\"font-size: small;\">prawniczej i rolnej, by\u0142 cz\u0142onkiem Komitetu Techniki Ustawodawczej.<\/span><\/i><\/td>\n<\/tr>\n<tr>\n<td colspan=\"2\" width=\"40%\"><\/td>\n<td colspan=\"2\" width=\"20%\"><\/td>\n<td colspan=\"2\" width=\"40%\"><\/td>\n<\/tr>\n<tr>\n<td colspan=\"2\" width=\"40%\"><b><span style=\"color: #800000;\">Kami\u0144ski Mariusz<\/span><\/b><\/td>\n<td width=\"10%\"><\/td>\n<td colspan=\"3\" width=\"50%\">\n<p align=\"center\"><a href=\"http:\/\/www.sejm.gov.pl\/poslowie\/posel4\/157.htm\"><img decoding=\"async\" loading=\"lazy\" src=\"http:\/\/kaminscy.pl\/images\/Zobacz.gif\" width=\"52\" height=\"14\" border=\"0\" \/><\/a><\/p>\n<\/td>\n<\/tr>\n<tr>\n<td colspan=\"2\" width=\"40%\"><\/td>\n<td colspan=\"2\" width=\"20%\"><\/td>\n<td colspan=\"2\" width=\"40%\"><\/td>\n<\/tr>\n<tr>\n<td colspan=\"2\" width=\"40%\"><b><span style=\"color: #800000;\">Kami\u0144ski Micha\u0142 Tomasz<\/span><\/b><\/td>\n<td width=\"10%\"><\/td>\n<td colspan=\"3\" width=\"50%\">\n<p align=\"center\"><a href=\"http:\/\/www.sejm.gov.pl\/poslowie\/posel4\/158.htm\"><img decoding=\"async\" loading=\"lazy\" src=\"http:\/\/kaminscy.pl\/images\/Zobacz.gif\" width=\"52\" height=\"14\" border=\"0\" \/><\/a><\/p>\n<\/td>\n<\/tr>\n<tr>\n<td colspan=\"2\" width=\"40%\"><\/td>\n<td colspan=\"2\" width=\"20%\"><\/td>\n<td colspan=\"2\" width=\"40%\"><\/td>\n<\/tr>\n<tr>\n<td colspan=\"2\" width=\"40%\"><\/td>\n<td colspan=\"2\" width=\"20%\">\n<p align=\"center\"><a href=\"mailto:info@kaminscy.pl\"><img decoding=\"async\" loading=\"lazy\" src=\"http:\/\/kaminscy.pl\/images\/poczta.gif\" width=\"33\" height=\"24\" border=\"0\" \/><\/a><\/p>\n<\/td>\n<\/tr>\n<\/tbody>\n<\/table>\n","protected":false},"excerpt":{"rendered":"<p>Pocz\u0105wszy od XIV w. kiedy to stan szlachecki otrzymywa\u0142 coraz wi\u0119ksze przywileje r\u00f3s\u0142 jego udzia\u0142 w decyzjach o podatkach czy zaanga\u017cowaniu w operacjach zbrojnych. Polski Sejm wykszta\u0142ci\u0142 si\u0119 z trzech stan\u00f3w sejmuj\u0105cych: kr\u00f3la, senatu i izby poselskiej w postaci Sejmu Walnego i powstawa\u0142 w podobnym okresie jak niemiecki Reichstag. W wyniku s\u0142abej pozycji kr\u00f3la (monarchia &hellip; <a href=\"https:\/\/kaminscy.pl\/index.php\/varia\/sejm\/\" class=\"more-link\">Czytaj dalej<span class=\"screen-reader-text\"> Sejm<\/span><\/a><\/p>\n","protected":false},"author":1,"featured_media":0,"parent":111,"menu_order":84,"comment_status":"closed","ping_status":"closed","template":"","meta":[],"_links":{"self":[{"href":"https:\/\/kaminscy.pl\/index.php\/wp-json\/wp\/v2\/pages\/124"}],"collection":[{"href":"https:\/\/kaminscy.pl\/index.php\/wp-json\/wp\/v2\/pages"}],"about":[{"href":"https:\/\/kaminscy.pl\/index.php\/wp-json\/wp\/v2\/types\/page"}],"author":[{"embeddable":true,"href":"https:\/\/kaminscy.pl\/index.php\/wp-json\/wp\/v2\/users\/1"}],"replies":[{"embeddable":true,"href":"https:\/\/kaminscy.pl\/index.php\/wp-json\/wp\/v2\/comments?post=124"}],"version-history":[{"count":4,"href":"https:\/\/kaminscy.pl\/index.php\/wp-json\/wp\/v2\/pages\/124\/revisions"}],"predecessor-version":[{"id":330,"href":"https:\/\/kaminscy.pl\/index.php\/wp-json\/wp\/v2\/pages\/124\/revisions\/330"}],"up":[{"embeddable":true,"href":"https:\/\/kaminscy.pl\/index.php\/wp-json\/wp\/v2\/pages\/111"}],"wp:attachment":[{"href":"https:\/\/kaminscy.pl\/index.php\/wp-json\/wp\/v2\/media?parent=124"}],"curies":[{"name":"wp","href":"https:\/\/api.w.org\/{rel}","templated":true}]}}