{"id":126,"date":"2017-02-20T18:59:48","date_gmt":"2017-02-20T17:59:48","guid":{"rendered":"http:\/\/heraldyka.kaminscy.pl\/?page_id=126"},"modified":"2017-02-24T20:36:14","modified_gmt":"2017-02-24T19:36:14","slug":"kler","status":"publish","type":"page","link":"https:\/\/kaminscy.pl\/index.php\/varia\/kler\/","title":{"rendered":"Kler"},"content":{"rendered":"<p><img decoding=\"async\" loading=\"lazy\" class=\"alignnone size-full wp-image-209\" src=\"http:\/\/genealogia.kaminscy.pl\/wp-content\/uploads\/2017\/02\/napVARIA1.jpg\" alt=\"\" width=\"138\" height=\"35\" \/><\/p>\n<p><img decoding=\"async\" loading=\"lazy\" class=\"alignnone size-full wp-image-213 aligncenter\" src=\"http:\/\/genealogia.kaminscy.pl\/wp-content\/uploads\/2017\/02\/ozdob.gif\" alt=\"\" width=\"100\" height=\"31\" \/><\/p>\n<table width=\"100%\">\n<tbody>\n<tr>\n<td width=\"93%\"><em><strong>Kami\u0144scy stanu duchownego<\/strong><\/em><\/p>\n<p>&#8222;Qd zawsze&#8221; ostoj\u0105 polsko\u015bci i zachowa\u0144 patriotycznych by\u0142\u00a0 Ko\u015bci\u00f3\u0142. Tworzyli Go oczywi\u015bcie ludzie a w\u015br\u00f3d nich Kami\u0144scy. Przedstawiam poni\u017cej osoby mog\u0105ce mie\u0107 udzia\u0142 w tym dziele.<\/p>\n<p>Licz\u0119, \u017ce przy czynnym udziale odwiedzaj\u0105cych, poni\u017csza tabela b\u0119dzie si\u0119 rozrasta\u0107.<br \/>\nWszelkie informacje (r\u00f3wnie\u017c wywody) na temat wymienionych os\u00f3b mile widziane!!<\/td>\n<td width=\"3%\"><\/td>\n<\/tr>\n<tr>\n<td width=\"4%\"><\/td>\n<td width=\"93%\"><\/td>\n<td width=\"3%\"><\/td>\n<\/tr>\n<\/tbody>\n<\/table>\n<table width=\"100%\">\n<tbody>\n<tr>\n<td width=\"4%\"><\/td>\n<td width=\"30%\"><strong><em>Imi\u0119 Nazwisko<\/em><\/strong><\/td>\n<td width=\"3%\"><\/td>\n<td width=\"41%\"><strong><em>Diecezja\/parafia<\/em><\/strong><\/td>\n<td width=\"19%\"><\/td>\n<td width=\"56%\"><\/td>\n<\/tr>\n<tr>\n<td width=\"4%\"><\/td>\n<td width=\"30%\"><b>ks. Antoni Kami\u0144ski<\/b><br \/>\n<strong>(<\/strong><strong>18.01.1835-06.08.1899)<\/strong><\/td>\n<td width=\"3%\"><\/td>\n<td colspan=\"2\" width=\"60%\"><strong><em>Uczy\u0142 si\u0119 w Nowym Mie\u015bcie Lub., Brodnicy. Lubawie i w gimnazjum che\u0142mi\u0144skim (od 1848). Egzamin dojrza\u0142o\u015bci z\u0142o\u017cy\u0142 w 1856. Studiowa\u0142 na Uniwersytecie Wroc\u0142awskim, w Munster (1857-59). Otrzyma\u0142 roczne stypendium TPN w wysoko\u015bci 80 tal. W l. 1859-60 odby\u0142 kurs praktyczny w Seminarium Duchownym w Pelplinie, gdzie otrzyma\u0142 \u015bwi\u0119cenia kap\u0142a\u0144skie 7 IV 1860. By\u0142 wikarym w Pucku, kapelanem bpa J.N. Marwicza i nauczycielem w Collegium Marianum w Pelplinie (1861-66). Jako proboszcz w Che\u0142m\u017cy (od 27 VII 1866) nie\u00a0 dopu\u015bci\u0142 do symultanizacji szko\u0142y katolickiej. By\u0142 dziekanem che\u0142m\u017cy\u0144skim (1885-97), kanonikiem honorowym Kapitu\u0142y Katedralnej (inst. 28 IV 1897). Dzia\u0142a\u0142 w polskim ruchu wyborczym. Nale\u017ca\u0142 do TNT (1881-98). Swoje oszcz\u0119dno\u015bci przeznacza\u0142 na cele dobroczynne, m.in. pomaga\u0142 kszta\u0142c\u0105cej si\u0119 m\u0142odzie\u017cy, ko\u015bcio\u0142om w Suszu i Grzywnie, wspiera\u0142 misjonarzy. Ofiarowa\u0142 7500 Mk na budow\u0119 szpitala w Toruniu. Dzi\u0119ki jego fundacji erygowany zosta\u0142 w 1895 klasztor Si\u00f3str El\u017cbietanek w Che\u0142m\u017cy.<\/em><\/strong><\/td>\n<td width=\"56%\"><\/td>\n<\/tr>\n<tr>\n<td width=\"4%\"><\/td>\n<td width=\"30%\"><\/td>\n<td width=\"3%\"><\/td>\n<td colspan=\"2\" width=\"60%\"><\/td>\n<td width=\"56%\"><\/td>\n<\/tr>\n<tr>\n<td width=\"4%\"><\/td>\n<td width=\"30%\"><b>ks. Jakub Kamie\u0144ski<br \/>\n(22.09.1812-6 II 1873)<\/b><\/td>\n<td width=\"3%\"><\/td>\n<td colspan=\"2\" width=\"60%\"><b><i>\u015awi\u0119cenia kap\u0142a\u0144skie 1837. Wik. par. \u015bw. Jana we W\u0142oc\u0142awku XII 1849; prob. par. Zbrachlin 1849-1873. <\/i><\/b><\/td>\n<td width=\"56%\"><\/td>\n<\/tr>\n<tr>\n<td width=\"4%\"><\/td>\n<td width=\"30%\"><\/td>\n<td width=\"3%\"><\/td>\n<td colspan=\"2\" width=\"60%\"><\/td>\n<td width=\"56%\"><\/td>\n<\/tr>\n<tr>\n<td width=\"4%\"><\/td>\n<td width=\"30%\"><b>ks. J\u00f3zef Kamie\u0144ski<br \/>\n(10.03.1804-2 V 1855)<\/b><\/td>\n<td width=\"3%\"><\/td>\n<td colspan=\"2\" width=\"60%\"><b><i>\u015aw. 1834. Wik. par. Wolb\u00f3rz 1834-1839, komendarz par. Opat\u00f3wek 1839- prob. par. Opat\u00f3wek 185?-1855. Dziekan dekanatu foralnego kaliskiego. Asesor konsystorza generalnego 1851- Kanonik honorowy kaliski. <\/i><\/b><\/td>\n<td width=\"56%\"><\/td>\n<\/tr>\n<tr>\n<td width=\"4%\"><\/td>\n<td width=\"30%\"><\/td>\n<td width=\"3%\"><\/td>\n<td colspan=\"2\" width=\"60%\"><\/td>\n<td width=\"56%\"><\/td>\n<\/tr>\n<tr>\n<td width=\"4%\"><\/td>\n<td width=\"30%\"><b>ks. J\u00f3zef Kamie\u0144ski<br \/>\n(26.01.1813-22 XII 1862)<\/b><\/td>\n<td width=\"3%\"><\/td>\n<td colspan=\"2\" width=\"60%\"><b><i>\u015aw. 1839. Wik. par. \u0141ask VI 1849- adm. par. Brze\u017anica 1850?- dziekan dek. brze\u017anickiego 1853?<\/i><\/b><\/td>\n<td width=\"56%\"><\/td>\n<\/tr>\n<tr>\n<td width=\"4%\"><\/td>\n<td width=\"30%\"><\/td>\n<td width=\"3%\"><\/td>\n<td colspan=\"2\" width=\"60%\"><\/td>\n<td width=\"56%\"><\/td>\n<\/tr>\n<tr>\n<td width=\"4%\"><\/td>\n<td width=\"30%\"><b>ks. J\u00f3zef Kami(e)\u0144ski<br \/>\n(05.03.1856-18.08.1864)\u00a0 <\/b><\/td>\n<td width=\"3%\"><\/td>\n<td colspan=\"2\" width=\"60%\"><b><i>\u015aw. 1856. Wik. par. Sulej\u00f3w 1856-1857, Szadek 1857-1858, Praszka 1858<\/i><\/b><\/td>\n<td width=\"56%\"><\/td>\n<\/tr>\n<tr>\n<td width=\"4%\"><\/td>\n<td width=\"30%\"><\/td>\n<td width=\"3%\"><\/td>\n<td colspan=\"2\" width=\"60%\"><\/td>\n<td width=\"56%\"><\/td>\n<\/tr>\n<tr>\n<td width=\"4%\"><\/td>\n<td width=\"30%\"><strong>\u00a0ks. Kazimierz Kami\u0144ski<\/strong><\/td>\n<td width=\"3%\"><\/td>\n<td colspan=\"2\" width=\"60%\"><strong><em>gnie\u017anie\u0144ska\/prob. w Bydgoszczy<\/em><\/strong><\/td>\n<td width=\"56%\"><\/td>\n<\/tr>\n<tr>\n<td width=\"4%\"><\/td>\n<td width=\"30%\"><\/td>\n<td width=\"3%\"><\/td>\n<td colspan=\"2\" width=\"60%\"><\/td>\n<td width=\"56%\"><\/td>\n<\/tr>\n<tr>\n<td width=\"4%\"><\/td>\n<td width=\"30%\"><strong>ks. Mieczys\u0142aw Kami\u0144ski<\/strong><br \/>\n<strong>(<\/strong><strong>27 VIII 1868-19 V 1938)<\/strong><\/td>\n<td width=\"3%\"><\/td>\n<td colspan=\"2\" width=\"60%\"><em><strong>Uczy\u0142 si\u0119 w Collegium Marianum w Pelplinie (1880-87) i w gimnazjum w Che\u0142mnie. Egzamin dojrza\u0142o\u015bci z\u0142o\u017cy\u0142 w 1891. Studiowa\u0142 na Uniwersytecie Wroc\u0142awskim\u00a0 i w Seminarium Duchownym w Pelplinie. \u015awi\u0119cenia kap\u0142a\u0144skie otrzyma\u0142 22 III 1896. Pracowa\u0142 w Luzinie, Golu-biu, L\u0105\u017cynie, Szynychu ( w 1900, zarz\u0105dza\u0142 parafi\u0105). By\u0142 wikarym w Kom\u00f3rsku, Czersku, Tucholi i Brodnicy (1904-15). Jako proboszcz pracowa\u0142 w D\u017awierznie (od 30 III 1915) i w Szczuce (od 4 V 1917). Werbowa\u0142 ochotnik\u00f3w do Wojska Polskiego i Stra\u017cy Ludowej. Zbiera\u0142 podatek narodowy. Oddany by\u0142 ca\u0142ym sercem sprawie niepodleg\u0142o\u015bciowej. W odrodzonej Polsce by\u0142 cz\u0142onkiem sejmiku powiatowego. W 1925 oddzielono od Szczuki i usamodzielniono ko\u015bci\u00f3\u0142 filialny w Ciel\u0119tach, kiedy jednak bp St.W.Okoniewski od\u0142\u0105czy\u0142 od macierzystej parafii i Gorczenice (gdzie Kami\u0144ski gruntownie odnowi\u0142 ko\u015bci\u00f3\u0142 w 1921), nie zgodzi\u0142 si\u0119 na podzia\u0142 beneficjum i odwo\u0142a\u0142 si\u0119 do Stolicy Apostolskiej (1938).<\/strong><\/em><\/td>\n<td width=\"56%\"><\/td>\n<\/tr>\n<tr>\n<td width=\"4%\"><\/td>\n<td width=\"30%\"><\/td>\n<td width=\"3%\"><\/td>\n<td colspan=\"2\" width=\"60%\"><\/td>\n<td width=\"56%\"><\/td>\n<\/tr>\n<tr>\n<td width=\"4%\"><\/td>\n<td width=\"30%\"><b>ks. Rajmund Kamie\u0144ski\u00a0 sen.<br \/>\n<\/b><strong> (23.01. 1827- 18.02.1904)<\/strong><\/td>\n<td width=\"3%\"><\/td>\n<td colspan=\"2\" width=\"60%\"><strong><i>\u015aw. 1855(1850) STC. Wik. par. Krzepice 1856-1857? Wik. w filii Kaszewice 1857-1861, Kawnice 1861-????, wik. przy ko\u015bciele Kapucyn\u00f3w w L\u0105dzie -?1868-1869, przy k-le dominika\u0144skim w Piotrkowie Tryb. 1869-1870; adm. par. Stawiszyn 1870-1874, P\u0105tn\u00f3w 1874-(od 1879 rez. w Dzietrznikach)-1881, Krzepcz\u00f3w 1881-1884, P\u0142awno 1884-1886, Kliczk\u00f3w Ma\u0142y 1886-1900. <\/i><\/strong><\/td>\n<td width=\"56%\"><\/td>\n<\/tr>\n<tr>\n<td width=\"4%\"><\/td>\n<td width=\"30%\"><\/td>\n<td width=\"3%\"><\/td>\n<td colspan=\"2\" width=\"60%\"><\/td>\n<td width=\"56%\"><\/td>\n<\/tr>\n<tr>\n<td width=\"4%\"><\/td>\n<td width=\"30%\"><b>ks. Rajmund Kamie\u0144ski\u00a0 jun.<br \/>\n(30.08.1843-20.11.1904)<\/b><\/td>\n<td width=\"3%\"><\/td>\n<td colspan=\"2\" width=\"60%\"><b><i>\u00a0\u015aw. 1865. \u015aw. 1865(6). Prob. par. Niedo\u015bpielin 1875-1877, P\u0142awno 1877-1881, P\u0105tn\u00f3w 1881-1883, Borszewice 1883-1891, Lutut\u00f3w IV 1891-1895; \u00a0prob. par. Gomolin 1895-1902, \u0141obudzice 1902-1904. <\/i><\/b><\/td>\n<td width=\"56%\"><\/td>\n<\/tr>\n<tr>\n<td width=\"4%\"><\/td>\n<td width=\"30%\"><\/td>\n<td width=\"3%\"><\/td>\n<td colspan=\"2\" width=\"60%\"><\/td>\n<td width=\"56%\"><\/td>\n<\/tr>\n<tr>\n<td width=\"4%\"><\/td>\n<td width=\"30%\"><strong>ks.\u00a0 Ryszard Kami\u0144ski<\/strong><\/td>\n<td width=\"3%\"><\/td>\n<td colspan=\"2\" width=\"60%\"><strong><em>prof. dr hab. KUL<\/em><\/strong><\/td>\n<td width=\"56%\"><\/td>\n<\/tr>\n<tr>\n<td width=\"4%\"><\/td>\n<td width=\"30%\"><\/td>\n<td width=\"3%\"><\/td>\n<td colspan=\"2\" width=\"60%\"><\/td>\n<td width=\"56%\"><\/td>\n<\/tr>\n<tr>\n<td width=\"4%\"><\/td>\n<td width=\"30%\"><b>ks. Stanis\u0142aw Kami\u0144ski<\/b><br \/>\n<strong>(ur. 18.01.1911-09.01.1965)<\/strong><\/td>\n<td width=\"3%\"><\/td>\n<td colspan=\"2\" width=\"60%\"><strong><em>Seminarium Duchowne w \u0141om\u017cy uko\u0144czy\u0142 w 1935, 1935-1936 wikariusz w Jeleniewie, 1936-1940 prefekt w Szczuczynie, 1940-1944 wikariusz w W\u0105soszu, 1944-1945 wikariusz w Sachwie, 1945-1947 prefekt w Kolnie, 1947-1955 proboszcz w Przero\u015blu, 1955-1958 proboszcz w Pu\u0144sku, 1958-1960 proboszcz w Zawadach, 1960-1965 proboszcz w Ugoszczu,<\/em><\/strong><\/td>\n<td width=\"56%\"><\/td>\n<\/tr>\n<tr>\n<td width=\"4%\"><\/td>\n<td width=\"30%\"><\/td>\n<td width=\"3%\"><\/td>\n<td colspan=\"2\" width=\"60%\"><\/td>\n<td width=\"56%\"><\/td>\n<\/tr>\n<tr>\n<td width=\"4%\"><\/td>\n<td width=\"30%\"><b>ks. Stanis\u0142aw Kami\u0144ski<\/b><br \/>\n<strong>(ur. 28.03.1911-29.08.1979)<\/strong><\/td>\n<td width=\"3%\"><\/td>\n<td colspan=\"2\" width=\"60%\"><strong><em>Seminarium Duch. uko\u0144czy\u0142 w 1936 w Tarnowie, 1936-1938 wikariusz w P\u0142opnicach, 1938-1940 wik. w Borowej, 1940-1943 wik. w \u0141\u0105czkach, 1943-1944 wik. w Cmolasie, 1944-1945 wik. w Kolbuszowej, 1945-1951 wikariusz, a nast\u0119pnie proboszcz w Sycowie, 1951-1961 administrator w Przemkowie, 1961-1962 kapelan si\u00f3str Serafitek w Mierczycach, 1962-1968 administrator w \u015acinawce Dolnej, 1968-1973 wikariusz, a nast\u0119pnie proboszcz w Z\u0142otniku, <\/em><\/strong> <b><i> emeryt od 1973<\/i><\/b><\/td>\n<td width=\"56%\"><\/td>\n<\/tr>\n<tr>\n<td width=\"4%\"><\/td>\n<td width=\"30%\"><\/td>\n<td width=\"3%\"><\/td>\n<td colspan=\"2\" width=\"60%\"><\/td>\n<td width=\"56%\"><\/td>\n<\/tr>\n<tr>\n<td width=\"4%\"><\/td>\n<td width=\"30%\"><strong>ks. Stanis\u0142aw Kami\u0144ski<br \/>\n(1919\u201386)<\/strong><\/td>\n<td width=\"3%\"><\/td>\n<td colspan=\"2\" width=\"60%\"><strong><em>logik i\u00a0filozof, ksi\u0105dz; od 1950 wyk\u0142adowca, od 1965 prof. KUL; badania z\u00a0zakresu historii logiki, logiki formalnej, metodologii nauk i\u00a0filozofii nauki oraz metodologii filozofii, w\u00a0kt\u00f3rej nawi\u0105zywa\u0142 do tradycji m.in. J. \u0141ukasiewicza; Poj\u0119cie nauki i\u00a0klasyfikacji nauk <\/em><\/strong><\/td>\n<td width=\"56%\"><\/td>\n<\/tr>\n<tr>\n<td width=\"4%\"><\/td>\n<td width=\"30%\"><\/td>\n<td width=\"3%\"><\/td>\n<td colspan=\"2\" width=\"60%\"><\/td>\n<td width=\"56%\"><\/td>\n<\/tr>\n<tr>\n<td width=\"4%\"><\/td>\n<td width=\"30%\"><strong>ks. W\u0142adys\u0142aw Kami\u0144ski<br \/>\n(0<\/strong><strong>6.03.1878-18.12.1914)<\/strong><\/td>\n<td width=\"3%\"><\/td>\n<td colspan=\"2\" width=\"60%\"><em><strong>Uczy\u0142 si\u0119 w Collegium Marianum w Pelplinie (1891-95) i w gimnazjum w Grudzi\u0105dzu, gdzie z\u0142o\u017cy\u0142 egzamin dojrza\u0142o\u015bci w 1899. Studiowa\u0142 w Seminarium Duchownym w Pelplinie i otrzyma\u0142 \u015bwi\u0119cenia kap\u0142a\u0144skie 22 III 1903. By\u0142 wikarym w S&#8217;w. Wojciechu, Le\u015bnie, Cekcynie, Bobrowie i w 1. 1909-14 lokalnym wikarym w D\u0105br\u00f3wce k. Grudzi\u0105dza. Nale\u017ca\u0142 do TNT (1905-14).<\/strong><\/em><\/td>\n<td width=\"56%\"><\/td>\n<\/tr>\n<tr>\n<td width=\"4%\"><\/td>\n<td width=\"30%\"><\/td>\n<td width=\"3%\"><\/td>\n<td colspan=\"2\" width=\"60%\"><\/td>\n<td width=\"56%\"><\/td>\n<\/tr>\n<tr>\n<td width=\"4%\"><\/td>\n<td width=\"30%\"><strong>ks. W\u0142adys\u0142aw Kami\u0144ski<\/strong><\/td>\n<td width=\"3%\"><\/td>\n<td colspan=\"2\" width=\"60%\"><em><strong>ur. 1863 zm. 1950<\/strong><\/em><\/td>\n<td width=\"56%\"><\/td>\n<\/tr>\n<tr>\n<td width=\"4%\"><\/td>\n<td width=\"30%\"><\/td>\n<td width=\"3%\"><\/td>\n<td colspan=\"2\" width=\"60%\"><\/td>\n<td width=\"56%\"><\/td>\n<\/tr>\n<tr>\n<td width=\"4%\"><\/td>\n<td width=\"30%\"><strong> ks.<\/strong><strong> Zygmunt Kami\u0144ski<br \/>\n<\/strong><strong> (ur. 20.02.1933)<\/strong><\/td>\n<td width=\"3%\"><\/td>\n<td colspan=\"2\" width=\"60%\"><em><strong>\u00a0we Wzg\u00f3rzu-Be\u0142\u017cycach na Lubelszczy\u017anie. Po uko\u0144czeniu Wy\u017cszego Seminarium Duchownego w Lublinie, 22 grudnia 1956 r. zosta\u0142 wy\u015bwi\u0119cony na kap\u0142ana. By\u0142 wikariuszem: w Piaskach (1957-1959), w parafii Naj\u015bwi\u0119tszego Serca Jezusowego w Lublinie (1961-1963) i parafii \u015bw. Teresy w Lublinie (1963-1966). W latach 1959-1961 studiowa\u0142 ponadto na Wydziale Prawa Kanonicznego KUL, gdzie w 1971 r. uzyska\u0142 doktorat. Sakr\u0119 biskupi\u0105 przyj\u0105\u0142 30 listopada 1975 r.\u00a0 W latach 1975-1984 pe\u0142ni\u0142 ponadto funkcj\u0119 wikariusza generalnego, dziekana Kapitu\u0142y Katedralnej Lubelskiej, wyk\u0142adowcy prawa kanonicznego w seminarium lubelskim i Wydziale Teologicznym KUL. Jako biskup w latach 1976-1984 by\u0142 tak\u017ce proboszczem parafii katedralnej w Lublinie. 10 stycznia 1984 r. mianowany koadiutorem biskupa p\u0142ockiego.<\/strong><\/em> <em><strong>W latach 1988 \u2013 1999 <\/strong><\/em><strong><em>bp. diecezji p\u0142ockiej<\/em><\/strong><em><strong>, a od<\/strong><\/em><strong><em> 1999 &#8211; abp <\/em><\/strong><em> <strong>archidiecezji <\/strong><\/em><em> <strong>szczeci\u0144sko-kamie\u0144skiej. <\/strong><\/em><\/td>\n<td width=\"56%\"><\/td>\n<\/tr>\n<tr>\n<td width=\"4%\"><\/td>\n<td width=\"30%\"><\/td>\n<td width=\"3%\"><\/td>\n<td colspan=\"2\" width=\"60%\"><\/td>\n<td width=\"56%\"><\/td>\n<\/tr>\n<tr>\n<td width=\"4%\"><\/td>\n<td width=\"30%\"><\/td>\n<td width=\"3%\"><\/td>\n<td colspan=\"2\" width=\"60%\"><\/td>\n<td width=\"56%\"><\/td>\n<\/tr>\n<tr>\n<td width=\"4%\"><\/td>\n<td width=\"30%\"><\/td>\n<td width=\"3%\"><\/td>\n<td width=\"41%\"><\/td>\n<td width=\"19%\"><\/td>\n<td width=\"56%\"><\/td>\n<\/tr>\n<\/tbody>\n<\/table>\n<p><em>* &#8211; osoby niewyra\u017caj\u0105ce zgody na przedstawienie swoich danych proszone s\u0105 o przes\u0142anie powy\u017cszego faktu\u00a0 <\/em><\/p>\n","protected":false},"excerpt":{"rendered":"<p>Kami\u0144scy stanu duchownego &#8222;Qd zawsze&#8221; ostoj\u0105 polsko\u015bci i zachowa\u0144 patriotycznych by\u0142\u00a0 Ko\u015bci\u00f3\u0142. Tworzyli Go oczywi\u015bcie ludzie a w\u015br\u00f3d nich Kami\u0144scy. Przedstawiam poni\u017cej osoby mog\u0105ce mie\u0107 udzia\u0142 w tym dziele. Licz\u0119, \u017ce przy czynnym udziale odwiedzaj\u0105cych, poni\u017csza tabela b\u0119dzie si\u0119 rozrasta\u0107. Wszelkie informacje (r\u00f3wnie\u017c wywody) na temat wymienionych os\u00f3b mile widziane!! Imi\u0119 Nazwisko Diecezja\/parafia ks. Antoni &hellip; <a href=\"https:\/\/kaminscy.pl\/index.php\/varia\/kler\/\" class=\"more-link\">Czytaj dalej<span class=\"screen-reader-text\"> Kler<\/span><\/a><\/p>\n","protected":false},"author":1,"featured_media":0,"parent":111,"menu_order":85,"comment_status":"closed","ping_status":"closed","template":"","meta":[],"_links":{"self":[{"href":"https:\/\/kaminscy.pl\/index.php\/wp-json\/wp\/v2\/pages\/126"}],"collection":[{"href":"https:\/\/kaminscy.pl\/index.php\/wp-json\/wp\/v2\/pages"}],"about":[{"href":"https:\/\/kaminscy.pl\/index.php\/wp-json\/wp\/v2\/types\/page"}],"author":[{"embeddable":true,"href":"https:\/\/kaminscy.pl\/index.php\/wp-json\/wp\/v2\/users\/1"}],"replies":[{"embeddable":true,"href":"https:\/\/kaminscy.pl\/index.php\/wp-json\/wp\/v2\/comments?post=126"}],"version-history":[{"count":4,"href":"https:\/\/kaminscy.pl\/index.php\/wp-json\/wp\/v2\/pages\/126\/revisions"}],"predecessor-version":[{"id":333,"href":"https:\/\/kaminscy.pl\/index.php\/wp-json\/wp\/v2\/pages\/126\/revisions\/333"}],"up":[{"embeddable":true,"href":"https:\/\/kaminscy.pl\/index.php\/wp-json\/wp\/v2\/pages\/111"}],"wp:attachment":[{"href":"https:\/\/kaminscy.pl\/index.php\/wp-json\/wp\/v2\/media?parent=126"}],"curies":[{"name":"wp","href":"https:\/\/api.w.org\/{rel}","templated":true}]}}