{"id":128,"date":"2017-02-20T19:00:16","date_gmt":"2017-02-20T18:00:16","guid":{"rendered":"http:\/\/heraldyka.kaminscy.pl\/?page_id=128"},"modified":"2017-02-24T20:38:02","modified_gmt":"2017-02-24T19:38:02","slug":"kultura","status":"publish","type":"page","link":"https:\/\/kaminscy.pl\/index.php\/varia\/kultura\/","title":{"rendered":"Kultura"},"content":{"rendered":"<p><img decoding=\"async\" loading=\"lazy\" class=\"alignnone size-full wp-image-209\" src=\"http:\/\/genealogia.kaminscy.pl\/wp-content\/uploads\/2017\/02\/napVARIA1.jpg\" alt=\"\" width=\"138\" height=\"35\" \/><\/p>\n<p><img decoding=\"async\" loading=\"lazy\" class=\"alignnone size-full wp-image-213 aligncenter\" src=\"http:\/\/genealogia.kaminscy.pl\/wp-content\/uploads\/2017\/02\/ozdob.gif\" alt=\"\" width=\"100\" height=\"31\" \/><\/p>\n<table id=\"AutoNumber3\" border=\"0\" width=\"100%\" cellspacing=\"0\" cellpadding=\"0\">\n<tbody>\n<tr>\n<td width=\"100%\">\n<p align=\"center\"><span style=\"color: #003300;\"><i>R\u00f3wnie\u017c w \u017cyciu kulturalnym kraju uczestniczy\u0142y i uczestnicz\u0105 osoby nosz\u0105ce nazwisko Kami\u0144ski.<br \/>\nPoni\u017cej przedstawiam, kilka os\u00f3b na kt\u00f3re uda\u0142o mi si\u0119 trafi\u0107.<br \/>\nZapraszam oczywi\u015bcie do dalszej wsp\u00f3\u0142pracy i przesy\u0142anie informacji i w tym temacie !!!<\/i><\/span><\/p>\n<\/td>\n<\/tr>\n<tr>\n<td width=\"100%\">\n<p align=\"center\"><a href=\"mailto:info@kaminscy.pl\"><img decoding=\"async\" loading=\"lazy\" src=\"http:\/\/kaminscy.pl\/images\/poczta.gif\" width=\"33\" height=\"24\" border=\"0\" \/><\/a><\/p>\n<\/td>\n<\/tr>\n<\/tbody>\n<\/table>\n<table id=\"AutoNumber2\" border=\"0\" width=\"100%\" cellspacing=\"0\" cellpadding=\"0\">\n<tbody>\n<tr>\n<td width=\"3%\"><\/td>\n<td align=\"right\" width=\"34%\"><\/td>\n<td width=\"2%\"><\/td>\n<td width=\"58%\"><\/td>\n<td width=\"38%\"><\/td>\n<\/tr>\n<tr>\n<td width=\"3%\"><\/td>\n<td align=\"right\" width=\"34%\"><span style=\"color: #800000;\">ALEKSANDER<big> KAMI\u0143SKI<\/big><br \/>\n<span style=\"font-size: small;\">(1823\u201386)<\/span><\/span><\/td>\n<td width=\"2%\"><\/td>\n<td width=\"58%\"><i><span style=\"font-size: small;\">malarz; 1847\u201358 przebywa\u0142 w\u00a0Rzymie i\u00a0w Pary\u017cu, gdzie portretowa\u0142 m.in. A. Mickiewicza; od 1859 prof. Szko\u0142y Sztuk Pi\u0119knych, 1865\u201386 Klasy Rysunkowej w\u00a0Warszawie; malowa\u0142 portrety oraz rysowa\u0142 sceny rodzajowe, rodzajowo-hist. zwi\u0105zane z\u00a0walkami Legionu Mickiewicza we W\u0142oszech (by\u0142 ich uczestnikiem).<\/span><\/i><\/td>\n<td width=\"38%\"><\/td>\n<\/tr>\n<tr>\n<td width=\"3%\"><\/td>\n<td align=\"right\" width=\"34%\"><\/td>\n<td width=\"2%\"><\/td>\n<td width=\"58%\"><\/td>\n<td width=\"38%\"><\/td>\n<\/tr>\n<tr>\n<td width=\"3%\"><\/td>\n<td align=\"right\" width=\"34%\"><span style=\"color: #800000;\"><big><span style=\"font-size: medium;\">DOROTA<\/span> KAMI\u0143SKA<br \/>\n<span style=\"font-size: small;\">(ur.1957<\/span><\/big><\/span><\/td>\n<td width=\"2%\"><\/td>\n<td width=\"58%\"><i><span style=\"font-size: small;\">aktorka<strong>, Wa\u017cniejsze filmy: <\/strong><\/span><\/i><span style=\"font-size: small;\"> <strong>Wied\u017amin, Kameleon, Kochaj i r\u00f3b co chcesz, Wszystko co najwa\u017cniejsze, Co lubi\u0105 Tygrysy, Misja specjalne, Och, Karol, Karate po polsku, Barwy ochronne<\/strong><\/span><\/td>\n<td width=\"38%\"><\/td>\n<\/tr>\n<tr>\n<td width=\"3%\"><\/td>\n<td align=\"right\" width=\"34%\"><\/td>\n<td width=\"2%\"><\/td>\n<td width=\"58%\"><\/td>\n<td width=\"38%\"><\/td>\n<\/tr>\n<tr>\n<td width=\"3%\"><\/td>\n<td align=\"right\" width=\"34%\"><span style=\"color: #800000;\">EMILIAN<big> KAMI\u0143SKI<br \/>\n<span style=\"font-size: small;\">(<\/span><\/big><span style=\"font-size: small;\">ur.10.07.1952 Warszawa)<\/span><\/span><\/td>\n<td width=\"2%\"><\/td>\n<td width=\"58%\"><i><span style=\"font-size: small;\">aktor teatr\u00f3w warszawskich: Na Woli (1975-77), Narodowego (1977-83), Ateneum (od 1983).,<\/span><strong><span style=\"font-size: small;\">Wa\u017cniejsze filmy: <\/span><\/strong><span style=\"font-size: small;\">1983 &#8211; Szale\u0144stwa panny Ewy,1988 &#8211; Rodzina Kander\u00f3w,1994 &#8211; Fitness Club,1996 &#8211; Matka swojej matki, 1997 &#8211; Klan, 1999 &#8211; Policjanci, 2000 &#8211; Du\u017ca przerwa<\/span><\/i><\/td>\n<td width=\"38%\"><\/td>\n<\/tr>\n<tr>\n<td width=\"3%\"><\/td>\n<td align=\"right\" width=\"34%\"><\/td>\n<td width=\"2%\"><\/td>\n<td width=\"58%\"><\/td>\n<td width=\"38%\"><\/td>\n<\/tr>\n<tr>\n<td width=\"3%\"><\/td>\n<td align=\"right\" width=\"34%\"><span style=\"color: #800000;\">IDA<big> KAMI\u0143SKA<\/big><br \/>\n<span style=\"font-size: small;\">(1899\u20131980)<\/span><\/span><\/td>\n<td width=\"2%\"><\/td>\n<td width=\"58%\"><span style=\"font-size: small;\"><i>\u017cyd. aktorka, re\u017cyser; do 1939 kier. \u017cyd. zesp\u00f3w teatr. w\u00a0Warszawie; w\u00a0okresie II wojny \u015bwiat. we Lwowie i\u00a0Frunze (zesp\u00f3\u0142 objazdowy); po powrocie do Polski (1947) dyr. teatr\u00f3w \u017cyd. w\u00a0\u0141odzi, Wroc\u0142awiu i\u00a0Warszawie (1955\u201368 Teatru im. E.R. Kami\u0144skiej); role dram., m.in. tytu\u0142owe w\u00a0Mire\u0142e Efros J. Gordina, Norze H. Ibsena, Matce Courage B. Brechta, tak\u017ce w\u00a0filmie (Sklep przy g\u0142\u00f3wnej ulicy J. Kad\u00e1ra i\u00a0E. Klosa 1965); po marcu 1968 na emigracji w\u00a0USA; wspomnienia My Life, My Theatre (1973).<\/i><\/span><\/td>\n<td width=\"38%\"><\/td>\n<\/tr>\n<tr>\n<td width=\"3%\"><\/td>\n<td align=\"right\" width=\"34%\"><\/td>\n<td width=\"2%\"><\/td>\n<td width=\"58%\"><\/td>\n<td width=\"38%\"><\/td>\n<\/tr>\n<tr>\n<td width=\"3%\"><\/td>\n<td align=\"right\" width=\"34%\"><span style=\"color: #800000;\">\u00a0JAN NEPOMUCEN <big>KAMI\u0143SKI<\/big><br \/>\n<span style=\"font-size: small;\">(1777\u20131855)<\/span><\/span><\/td>\n<td width=\"2%\"><\/td>\n<td width=\"58%\"><span style=\"font-size: small;\"><i>aktor, re\u017cyser, pisarz i\u00a0publicysta; 1800\u201303 organizowa\u0142 we Lwowie amatorskie zespo\u0142y teatr., 1803\u201309 \u2014 zaw. na prowincji i\u00a0w Odessie; 1809\u201342 dyr. teatru pol. we Lwowie, kt\u00f3ry dzi\u0119ki jego dzia\u0142alno\u015bci sta\u0142 si\u0119 wa\u017cn\u0105 plac\u00f3wk\u0105 kultury nar.; wprowadzi\u0142 do repertuaru komedie A. Fredry (16 premier); pisa\u0142 i\u00a0przerabia\u0142 dla teatru wiele sztuk (Zabobon, czyli Krakowiacy i\u00a0G\u00f3rale, wyst. 1816, wyd. 1821), t\u0142umaczy\u0142 dramaty W. Szekspira (z przer\u00f3bek niem.), P. Calder\u00f3na, F. Schillera; wyst\u0119powa\u0142 do 1830; 1835\u201348 red. \u201eGazety Lwowskiej\u201d i\u00a0\u201eRozmaito\u015bci\u201d; zbiory poezji, prace z\u00a0filozofii i\u00a0historii j\u0119zyka. <\/i><\/span><i><br \/>\n<span style=\"color: #000080; font-size: xx-small;\">B. LASOCKA Jan Nepomucen Kami\u0144ski, Warszawa 1972<\/span><\/i><\/td>\n<td width=\"38%\"><\/td>\n<\/tr>\n<tr>\n<td width=\"3%\"><\/td>\n<td align=\"right\" width=\"34%\"><\/td>\n<td width=\"2%\"><\/td>\n<td width=\"58%\"><\/td>\n<td width=\"38%\"><\/td>\n<\/tr>\n<tr>\n<td width=\"3%\"><\/td>\n<td align=\"right\" width=\"34%\"><span style=\"color: #800000;\">JANUSZ <big>KAMI\u0143SKI<\/big><br \/>\n<span style=\"font-size: small;\">(ur. 1959)<\/span><\/span><\/td>\n<td width=\"2%\"><\/td>\n<td width=\"58%\"><span style=\"font-size: small;\"><i>operator film.; od 1981 w\u00a0Stanach Zjedn.; autor zdj\u0119\u0107 do film\u00f3w S. Spielberga, m.in.: Lista Schindlera (1994 nagrodzony Oscarem), Zaginiony \u015bwiat: Jurassic Park (1997), Szeregowiec Ryan (1999 nagrodzony Oscarem).<\/i><\/span><\/td>\n<td width=\"38%\"><\/td>\n<\/tr>\n<tr>\n<td width=\"3%\"><\/td>\n<td align=\"right\" width=\"34%\"><\/td>\n<td width=\"2%\"><\/td>\n<td width=\"58%\"><\/td>\n<td width=\"38%\"><\/td>\n<\/tr>\n<tr>\n<td width=\"3%\"><\/td>\n<td align=\"right\" width=\"34%\"><span style=\"color: #800000;\">KAZIMIERZ<big> KAMI\u0143SKI<br \/>\n<\/big><span style=\"font-size: small;\">(1865\u20131928)<\/span><\/span><\/td>\n<td width=\"2%\"><\/td>\n<td width=\"58%\"><span style=\"font-size: small;\"><i>aktor i\u00a0re\u017cyser; wyst\u0119py od 1884 w\u00a0wielu pol. miastach, tak\u017ce w\u00a0Odessie, Petersburgu i\u00a0Chicago, 1893\u20131901 w\u00a0Krakowie, 1901\u201304 we Lwowie, od 1908 w\u00a0Warszawie (g\u0142. Teatr Rozmaito\u015bci, od 1924 Teatr Narodowy); jeden z\u00a0najwybitniejszych aktor\u00f3w pol., uznany za tw\u00f3rc\u0119 nowocz. stylu gry w\u00a0komedii; bogactwo \u015brodk\u00f3w wyrazu aktorskiego osi\u0105gn\u0105\u0142 przez nagromadzenie realist. szczeg\u00f3\u0142\u00f3w wygl\u0105du i\u00a0zachowania postaci (celowa\u0142 m.in. w\u00a0oryginalnej i\u00a0drobiazgowej charakteryzacji); gra\u0142 m.in. Sta\u0144czyka \u2014 Wesele S. Wyspia\u0144skiego, Pagatowicza \u2014 Grube ryby M. Ba\u0142uckiego, Kotwicza \u2014 Rozbitki J. Blizi\u0144skiego, Jusowa \u2014 Intratna posada A.N. Ostrowskiego; wystawi\u0142 w\u00a0Warszawie (staraj\u0105c si\u0119 unowocze\u015bni\u0107 praktyk\u0119 re\u017cysersk\u0105) m.in. G\u0142upiego Jakuba T. Rittnera (1920) i\u00a0Mazep\u0119 J. S\u0142owackiego (1924). <\/i> <\/span><\/p>\n<div><i>Z<span style=\"color: #000080;\">. JASI\u0143SKA \u017bywot Kazimierza Kami\u0144skiego, Warszawa 1976<\/span><\/i><\/div>\n<\/td>\n<td width=\"38%\"><\/td>\n<\/tr>\n<tr>\n<td width=\"3%\"><\/td>\n<td align=\"right\" width=\"34%\"><\/td>\n<td width=\"2%\"><\/td>\n<td width=\"58%\"><\/td>\n<td width=\"38%\"><\/td>\n<\/tr>\n<tr>\n<td width=\"3%\"><\/td>\n<td align=\"right\" width=\"34%\"><span style=\"color: #800000;\">W\u0141ODZIMIERZ<big> KAMI\u0143SKI<\/big> <span style=\"font-size: small;\"> (1930\u201393)<\/span><\/span><\/td>\n<td width=\"2%\"><\/td>\n<td width=\"58%\"><i><span style=\"font-size: small;\">muzykolog instrumentolog, lutnik; 1959\u201390 kustosz i\u00a0kier. Oddzia\u0142u Instrument\u00f3w Muz. Muzeum Nar. w\u00a0Poznaniu, od 1974 wyk\u0142adowca w\u00a0Akad. Muz. tam\u017ce; od 1964 prezes Zwi\u0105zku Pol. Artyst\u00f3w Lutnik\u00f3w<\/span><\/i><\/td>\n<td width=\"38%\"><\/td>\n<\/tr>\n<tr>\n<td width=\"3%\"><\/td>\n<td align=\"right\" width=\"34%\"><\/td>\n<td width=\"2%\"><\/td>\n<td width=\"58%\"><\/td>\n<td width=\"38%\"><\/td>\n<\/tr>\n<tr>\n<td width=\"3%\"><\/td>\n<td align=\"right\" width=\"34%\"><span style=\"color: #800000;\">ZBIGNIEW <big>KAMI\u0143SKI<br \/>\n<\/big><span style=\"font-size: small;\">(ur. 1947)<\/span><\/span><\/td>\n<td width=\"2%\"><\/td>\n<td width=\"58%\"><span style=\"font-size: small;\"><i>re\u017cyser film.; nagradzane na mi\u0119dzynar. festiwalach filmy dokumentalne i\u00a0animowane (m.in. Pr\u00f3ba pie\u015bni 1971, Wizja lokalna 1972) oraz fabularne (m.in. Pani Bovary to ja 1975, W obronie w\u0142asnej 1981, Europejska noc 1992); scenarzysta Panien z\u00a0Wilka A. Wajdy (1979); od 1981 przebywa za granic\u0105, od 1986 \u2014 w\u00a0Hollywood.<\/i><\/span><\/td>\n<td width=\"38%\"><\/td>\n<\/tr>\n<tr>\n<td width=\"3%\"><\/td>\n<td align=\"right\" width=\"34%\"><\/td>\n<td width=\"2%\"><\/td>\n<td width=\"58%\"><\/td>\n<td width=\"38%\"><\/td>\n<\/tr>\n<tr>\n<td width=\"3%\"><\/td>\n<td align=\"right\" width=\"34%\"><span style=\"color: #800000;\">ZOFIA<big> KAMI\u0143SKA<\/big> , z <b>Trzci\u0144skich<br \/>\n<\/b><span style=\"font-size: small;\">(1890\u20131977)<\/span><\/span><\/td>\n<td width=\"2%\"><\/td>\n<td width=\"58%\"><i><span style=\"font-size: small;\">rze\u017abiarka; uprawia\u0142a rze\u017ab\u0119 figuraln\u0105 o\u00a0tematyce hist., rel. i\u00a0portretowej oraz medalierstwo; monumentalne realizacje w\u00a0ko\u015bcio\u0142ach w\u00a0Warszawie (\u015aw. Jakuba, \u015aw. Jacka, \u015aw. Aleksandra); pomniki: T. Ko\u015bciuszki w\u00a0Poznaniu (1930, zniszczony przez Niemc\u00f3w w\u00a0czasie II wojny \u015bwiat.), S. Czarnieckiego (1935), W. Kad\u0142ubka (1956).<\/span><\/i><\/td>\n<td width=\"38%\"><\/td>\n<\/tr>\n<tr>\n<td width=\"3%\"><\/td>\n<td align=\"right\" width=\"34%\"><\/td>\n<td width=\"2%\"><\/td>\n<td width=\"58%\"><\/td>\n<td width=\"38%\"><\/td>\n<\/tr>\n<tr>\n<td width=\"3%\"><\/td>\n<td align=\"right\" width=\"34%\"><span style=\"color: #800000;\">ZYGMUNT<big> KAMI\u0143SKI<\/big>\u00a0 <span style=\"font-size: small;\"><br \/>\n(1888\u20131969)<\/span><\/span><\/td>\n<td width=\"2%\"><\/td>\n<td width=\"58%\"><i><span style=\"font-size: small;\">malarz i\u00a0grafik; wsp\u00f3\u0142za\u0142o\u017cyciel grupy Rytm\u00a0 cz\u0142. KAGR; jeden z\u00a0organizator\u00f3w Wydzia\u0142u Architektury Politechn. Warsz., do 1960 prof. rysunku tam\u017ce; uprawia\u0142 grafik\u0119 u\u017cytkow\u0105 (plakaty, projekty banknot\u00f3w i\u00a0znaczk\u00f3w pocztowych, ilustracje); malowa\u0142 portrety i\u00a0sceny hist.; zajmowa\u0142 si\u0119 te\u017c projektowaniem wn\u0119trz i\u00a0ceramik\u0105.<\/span><\/i><\/td>\n<\/tr>\n<\/tbody>\n<\/table>\n","protected":false},"excerpt":{"rendered":"<p>R\u00f3wnie\u017c w \u017cyciu kulturalnym kraju uczestniczy\u0142y i uczestnicz\u0105 osoby nosz\u0105ce nazwisko Kami\u0144ski. Poni\u017cej przedstawiam, kilka os\u00f3b na kt\u00f3re uda\u0142o mi si\u0119 trafi\u0107. Zapraszam oczywi\u015bcie do dalszej wsp\u00f3\u0142pracy i przesy\u0142anie informacji i w tym temacie !!! ALEKSANDER KAMI\u0143SKI (1823\u201386) malarz; 1847\u201358 przebywa\u0142 w\u00a0Rzymie i\u00a0w Pary\u017cu, gdzie portretowa\u0142 m.in. A. Mickiewicza; od 1859 prof. Szko\u0142y Sztuk Pi\u0119knych, &hellip; <a href=\"https:\/\/kaminscy.pl\/index.php\/varia\/kultura\/\" class=\"more-link\">Czytaj dalej<span class=\"screen-reader-text\"> Kultura<\/span><\/a><\/p>\n","protected":false},"author":1,"featured_media":0,"parent":111,"menu_order":86,"comment_status":"closed","ping_status":"closed","template":"","meta":[],"_links":{"self":[{"href":"https:\/\/kaminscy.pl\/index.php\/wp-json\/wp\/v2\/pages\/128"}],"collection":[{"href":"https:\/\/kaminscy.pl\/index.php\/wp-json\/wp\/v2\/pages"}],"about":[{"href":"https:\/\/kaminscy.pl\/index.php\/wp-json\/wp\/v2\/types\/page"}],"author":[{"embeddable":true,"href":"https:\/\/kaminscy.pl\/index.php\/wp-json\/wp\/v2\/users\/1"}],"replies":[{"embeddable":true,"href":"https:\/\/kaminscy.pl\/index.php\/wp-json\/wp\/v2\/comments?post=128"}],"version-history":[{"count":3,"href":"https:\/\/kaminscy.pl\/index.php\/wp-json\/wp\/v2\/pages\/128\/revisions"}],"predecessor-version":[{"id":335,"href":"https:\/\/kaminscy.pl\/index.php\/wp-json\/wp\/v2\/pages\/128\/revisions\/335"}],"up":[{"embeddable":true,"href":"https:\/\/kaminscy.pl\/index.php\/wp-json\/wp\/v2\/pages\/111"}],"wp:attachment":[{"href":"https:\/\/kaminscy.pl\/index.php\/wp-json\/wp\/v2\/media?parent=128"}],"curies":[{"name":"wp","href":"https:\/\/api.w.org\/{rel}","templated":true}]}}