{"id":130,"date":"2017-02-20T19:01:23","date_gmt":"2017-02-20T18:01:23","guid":{"rendered":"http:\/\/heraldyka.kaminscy.pl\/?page_id=130"},"modified":"2017-02-25T17:32:04","modified_gmt":"2017-02-25T16:32:04","slug":"society","status":"publish","type":"page","link":"https:\/\/kaminscy.pl\/index.php\/varia\/society\/","title":{"rendered":"Society"},"content":{"rendered":"<p><img decoding=\"async\" loading=\"lazy\" class=\"alignnone size-full wp-image-209\" src=\"http:\/\/genealogia.kaminscy.pl\/wp-content\/uploads\/2017\/02\/napVARIA1.jpg\" alt=\"\" width=\"138\" height=\"35\" \/><\/p>\n<p><img decoding=\"async\" loading=\"lazy\" class=\"aligncenter\" src=\"http:\/\/kaminscy.pl\/images\/ozdob.gif\" width=\"100\" height=\"31\" border=\"0\" \/><\/p>\n<p style=\"text-align: center;\"><span style=\"color: #800000;\">T\u0119 stron\u0119 chcia\u0142bym po\u015bwi\u0119ci\u0107 udzia\u0142owi Kaminskich w ro\u017cnego rodzaju stowarzyszeniach, organizacjach i temu podobnym instytucjom (zar\u00f3wno tym oficjalnym jak i nie w pe\u0142ni formalnym)<\/span><br \/>\n<span style=\"color: #800000;\"> Jak zwykle zapraszam do wsp\u00f3\u0142uczestniczenia w tym przedsi\u0119wzi\u0119ciu!!!<\/span><\/p>\n<p style=\"text-align: center;\"><span style=\"color: #008000;\"><b><i>Na &#8222;pierwszy ogie\u0144&#8221; przedstawiam zdj\u0119cie, kt\u00f3re uzyska\u0142em od Kim Opalewski Brizendine z <\/i><\/b> <i><b>Milwaukee, Wisconsin<\/b><\/i><b><i>.<br \/>\nProsi\u0142bym osoby posiadaj\u0105ce informacje na temat tego Towarzystwa o podzielenie si\u0119 nimi.<\/i><\/b><\/span><\/p>\n<p style=\"text-align: center;\"><span style=\"color: #008000;\"><img decoding=\"async\" loading=\"lazy\" src=\"http:\/\/kaminscy.pl\/images\/ozdob.gif\" width=\"100\" height=\"31\" border=\"0\" \/><\/span><\/p>\n<p style=\"text-align: center;\"><span style=\"color: #008000;\">Ustali\u0142em, \u017ce takie towarzystwa powstawa\u0142y w Stanach Zjednoczonych. Zak\u0142adali je emigranci z Polski.<\/span><br \/>\n<span style=\"color: #008000;\"> By\u0142y one silnym o\u015brodkami kultury polskiej.<\/span><\/p>\n<p style=\"text-align: center;\"><img decoding=\"async\" loading=\"lazy\" src=\"http:\/\/kaminscy.pl\/images\/TCiM.gif\" width=\"400\" height=\"361\" border=\"0\" \/><\/p>\n<p style=\"text-align: center;\"><span style=\"color: #008000;\">Powy\u017csze zdj\u0119cie zosta\u0142o zrobione ok. 1885-1900 roku w St. Mary&#8217;s Czestochowa Church w miasteczku Blossburg, Pensylwania.<\/span><br \/>\n<span style=\"color: #008000;\"> Zdj\u0119cie pochodzi z ksi\u0105\u017cki wydanej dla uczczenia 75 rocznicy powstania ko\u015bcio\u0142a.<\/span><\/p>\n<p style=\"text-align: center;\"><span style=\"color: #0000ff;\">Je\u017celi kto\u015b posiada dodatkowe informacje na temat przedstawionego na zdj\u0119ciu Tomasz Kami\u0144skiego prosz\u0119 o kontakt<\/span><a href=\"mailto:genealogia@kaminscy.pl\"><img decoding=\"async\" loading=\"lazy\" class=\"aligncenter wp-image-215 size-full\" src=\"http:\/\/genealogia.kaminscy.pl\/wp-content\/uploads\/2017\/02\/poczta.gif\" width=\"33\" height=\"24\" \/><\/a><\/p>\n","protected":false},"excerpt":{"rendered":"<p>T\u0119 stron\u0119 chcia\u0142bym po\u015bwi\u0119ci\u0107 udzia\u0142owi Kaminskich w ro\u017cnego rodzaju stowarzyszeniach, organizacjach i temu podobnym instytucjom (zar\u00f3wno tym oficjalnym jak i nie w pe\u0142ni formalnym) Jak zwykle zapraszam do wsp\u00f3\u0142uczestniczenia w tym przedsi\u0119wzi\u0119ciu!!! Na &#8222;pierwszy ogie\u0144&#8221; przedstawiam zdj\u0119cie, kt\u00f3re uzyska\u0142em od Kim Opalewski Brizendine z Milwaukee, Wisconsin. Prosi\u0142bym osoby posiadaj\u0105ce informacje na temat tego Towarzystwa o &hellip; <a href=\"https:\/\/kaminscy.pl\/index.php\/varia\/society\/\" class=\"more-link\">Czytaj dalej<span class=\"screen-reader-text\"> Society<\/span><\/a><\/p>\n","protected":false},"author":1,"featured_media":0,"parent":111,"menu_order":87,"comment_status":"closed","ping_status":"closed","template":"","meta":[],"_links":{"self":[{"href":"https:\/\/kaminscy.pl\/index.php\/wp-json\/wp\/v2\/pages\/130"}],"collection":[{"href":"https:\/\/kaminscy.pl\/index.php\/wp-json\/wp\/v2\/pages"}],"about":[{"href":"https:\/\/kaminscy.pl\/index.php\/wp-json\/wp\/v2\/types\/page"}],"author":[{"embeddable":true,"href":"https:\/\/kaminscy.pl\/index.php\/wp-json\/wp\/v2\/users\/1"}],"replies":[{"embeddable":true,"href":"https:\/\/kaminscy.pl\/index.php\/wp-json\/wp\/v2\/comments?post=130"}],"version-history":[{"count":5,"href":"https:\/\/kaminscy.pl\/index.php\/wp-json\/wp\/v2\/pages\/130\/revisions"}],"predecessor-version":[{"id":398,"href":"https:\/\/kaminscy.pl\/index.php\/wp-json\/wp\/v2\/pages\/130\/revisions\/398"}],"up":[{"embeddable":true,"href":"https:\/\/kaminscy.pl\/index.php\/wp-json\/wp\/v2\/pages\/111"}],"wp:attachment":[{"href":"https:\/\/kaminscy.pl\/index.php\/wp-json\/wp\/v2\/media?parent=130"}],"curies":[{"name":"wp","href":"https:\/\/api.w.org\/{rel}","templated":true}]}}