{"id":2,"date":"2016-09-18T21:20:15","date_gmt":"2016-09-18T19:20:15","guid":{"rendered":"http:\/\/heraldyka.kaminscy.pl\/?page_id=2"},"modified":"2017-04-16T20:15:11","modified_gmt":"2017-04-16T18:15:11","slug":"home","status":"publish","type":"page","link":"https:\/\/kaminscy.pl\/index.php\/home\/","title":{"rendered":"PRZES\u0141ANIE"},"content":{"rendered":"<p><img decoding=\"async\" loading=\"lazy\" class=\"aligncenter\" src=\"http:\/\/kaminscy.pl\/images\/ozdob.gif\" width=\"100\" height=\"31\" border=\"0\" \/><\/p>\n<p><em>Przychodzi pomys\u0142 &#8211; tworzymy drzewo genealogiczne &#8211; zaczynamy zbiera\u0107 informacje i okazuje si\u0119, \u017ce ich nie ma. Rodzina niewiele pami\u0119ta. Do tej pory nie zwracali\u015bmy uwagi na materia\u0142y dotycz\u0105ce przesz\u0142o\u015bci. Okazuje si\u0119, \u017ce nie wiemy sk\u0105d wywodzi si\u0119 nasza rodzina. Czy od &#8222;zawsze&#8221; mieszka w tych rejonach a mo\u017ce si\u0119 przenios\u0142a z innych okolic. Ta strona ma pom\u00f3c cz\u0142onkom mojej rodziny w odnalezieniu si\u0119 nawzajem. <\/em><\/p>\n<p><em>Tak\u0105 te\u017c ma dedykacj\u0119: <strong>Ca\u0142ej mojej rodzinie!<\/strong><\/em><\/p>\n<p style=\"text-align: left;\"><strong>A<img decoding=\"async\" loading=\"lazy\" class=\"alignleft\" src=\"http:\/\/kaminscy.pl\/images\/LitK.gif\" width=\"60\" height=\"61\" align=\"right\" border=\"0\" \/>MINSKI<\/strong><\/p>\n<p style=\"text-align: left;\"><em><br \/>\nBardzo popularne nazwisko. szeroko wyst\u0119puj\u0105ce w r\u00f3\u017cnych regionach Polski. Na poni\u017cszych stronach przedstawiamy zarys dziej\u00f3w rodziny Kaminskich\u00a0(oraz z ni\u0105 spokrewnionych) wywodz\u0105cych si\u0119 z okolic W\u0142oc\u0142awka i Dobrzynia n.Wis\u0142\u0105 . <\/em><\/p>\n<p style=\"text-align: left;\"><em>Z biegiem czasu strona rozrasta si\u0119 na inne tereny Polski czy \u015bwiata.\u00a0Znajduj\u0105 si\u0119 ju\u017c tu tak\u017ce wpisy z \u0141odzi, Polanicy Zdr\u00f3j, G\u0142ogowa czy New Jersey. Dla przyk\u0142adu &#8211; autor niniejszych stron mieszka obecnie w Szczecinie.<br \/>\n<\/em><\/p>\n<p style=\"text-align: left;\"><em>Pomy\u015bl czy i Twoja ga\u0142\u0105\u017a nie powinna si\u0119 znale\u017a\u0107 na tych stronach.<\/em><\/p>\n<p style=\"text-align: center;\"><img decoding=\"async\" loading=\"lazy\" class=\"aligncenter\" src=\"http:\/\/kaminscy.pl\/images\/ozdob.gif\" width=\"100\" height=\"31\" border=\"0\" \/><\/p>\n<p><em>Ga\u0142\u0105zka, kt\u00f3ra pojawi\u0142a si\u0119 na tej stronie niech b\u0119dzie symbolem wielkiego przysz\u0142ego drzewa rodziny Kaminskich<\/em><\/p>\n<p><em><strong>Tomasz Kaminski\u00a0\u00a0\u00a0\u00a0\u00a0\u00a0\u00a0\u00a0\u00a0\u00a0\u00a0\u00a0\u00a0\u00a0\u00a0\u00a0 <\/strong>\u00a0<\/em><\/p>\n<p>&nbsp;<\/p>\n<p style=\"text-align: center;\"><span style=\"font-size: xx-small;\">Aktualizacja 15.04.2017<br \/>\nver.5.45.151<\/span><\/p>\n","protected":false},"excerpt":{"rendered":"<p>Przychodzi pomys\u0142 &#8211; tworzymy drzewo genealogiczne &#8211; zaczynamy zbiera\u0107 informacje i okazuje si\u0119, \u017ce ich nie ma. Rodzina niewiele pami\u0119ta. Do tej pory nie zwracali\u015bmy uwagi na materia\u0142y dotycz\u0105ce przesz\u0142o\u015bci. Okazuje si\u0119, \u017ce nie wiemy sk\u0105d wywodzi si\u0119 nasza rodzina. Czy od &#8222;zawsze&#8221; mieszka w tych rejonach a mo\u017ce si\u0119 przenios\u0142a z innych okolic. Ta &hellip; <a href=\"https:\/\/kaminscy.pl\/index.php\/home\/\" class=\"more-link\">Czytaj dalej<span class=\"screen-reader-text\"> PRZES\u0141ANIE<\/span><\/a><\/p>\n","protected":false},"author":1,"featured_media":0,"parent":0,"menu_order":0,"comment_status":"closed","ping_status":"open","template":"","meta":[],"_links":{"self":[{"href":"https:\/\/kaminscy.pl\/index.php\/wp-json\/wp\/v2\/pages\/2"}],"collection":[{"href":"https:\/\/kaminscy.pl\/index.php\/wp-json\/wp\/v2\/pages"}],"about":[{"href":"https:\/\/kaminscy.pl\/index.php\/wp-json\/wp\/v2\/types\/page"}],"author":[{"embeddable":true,"href":"https:\/\/kaminscy.pl\/index.php\/wp-json\/wp\/v2\/users\/1"}],"replies":[{"embeddable":true,"href":"https:\/\/kaminscy.pl\/index.php\/wp-json\/wp\/v2\/comments?post=2"}],"version-history":[{"count":25,"href":"https:\/\/kaminscy.pl\/index.php\/wp-json\/wp\/v2\/pages\/2\/revisions"}],"predecessor-version":[{"id":498,"href":"https:\/\/kaminscy.pl\/index.php\/wp-json\/wp\/v2\/pages\/2\/revisions\/498"}],"wp:attachment":[{"href":"https:\/\/kaminscy.pl\/index.php\/wp-json\/wp\/v2\/media?parent=2"}],"curies":[{"name":"wp","href":"https:\/\/api.w.org\/{rel}","templated":true}]}}