{"id":259,"date":"2017-02-24T19:06:37","date_gmt":"2017-02-24T18:06:37","guid":{"rendered":"http:\/\/genealogia.kaminscy.pl\/?page_id=259"},"modified":"2017-02-24T19:58:04","modified_gmt":"2017-02-24T18:58:04","slug":"podstawy","status":"publish","type":"page","link":"https:\/\/kaminscy.pl\/index.php\/genealogia\/podstawy\/","title":{"rendered":"Podstawy"},"content":{"rendered":"<p><img decoding=\"async\" loading=\"lazy\" class=\"alignnone size-full wp-image-204\" src=\"http:\/\/genealogia.kaminscy.pl\/wp-content\/uploads\/2017\/02\/napgen.jpg\" alt=\"\" width=\"138\" height=\"35\" \/><\/p>\n<p><img decoding=\"async\" loading=\"lazy\" class=\"alignnone size-full wp-image-213 aligncenter\" src=\"http:\/\/genealogia.kaminscy.pl\/wp-content\/uploads\/2017\/02\/ozdob.gif\" alt=\"\" width=\"100\" height=\"31\" \/><\/p>\n<table id=\"AutoNumber2\" border=\"0\" width=\"100%\" cellspacing=\"0\" cellpadding=\"0\">\n<tbody>\n<tr>\n<td colspan=\"5\" width=\"100%\" height=\"30\">\n<p align=\"center\"><span style=\"color: #003300;\"><i>Te strony chcia\u0142bym przeznaczy\u0107 na r\u00f3\u017cnego rodzaju pomoc dla wszystkich korzystaj\u0105cych z internetu i odwiedzaj\u0105cych te strony a zainteresowanych tematyk\u0105 genealogii.\u00a0 Oczywi\u015bcie nie b\u0119d\u0119 &#8222;odkrywa\u0142 Ameryki&#8221; i wykorzystam \u017ar\u00f3d\u0142a i wiadomo\u015bci os\u00f3b \u015bwiatlejszych w tej tematyce ode mnie.<br \/>\n<\/i><\/span><\/p>\n<\/td>\n<\/tr>\n<tr>\n<td width=\"20%\" height=\"15\"><\/td>\n<td width=\"20%\" height=\"15\"><\/td>\n<td width=\"20%\" height=\"15\"><\/td>\n<td width=\"24%\" height=\"15\"><\/td>\n<td width=\"16%\" height=\"15\"><\/td>\n<\/tr>\n<tr>\n<td width=\"20%\" height=\"15\"><span style=\"color: #800000;\"><b>ASCENDENT<\/b><\/span><\/td>\n<td colspan=\"4\" width=\"80%\" height=\"15\"><span style=\"color: #800000;\"><i>przodek<\/i><\/span><\/td>\n<\/tr>\n<tr>\n<td width=\"20%\" height=\"15\"><\/td>\n<td colspan=\"4\" width=\"80%\" height=\"15\">\n<p align=\"center\"><img decoding=\"async\" loading=\"lazy\" src=\"http:\/\/kaminscy.pl\/images\/ozdob.gif\" width=\"81\" height=\"24\" border=\"0\" \/><\/p>\n<\/td>\n<\/tr>\n<tr>\n<td width=\"20%\" height=\"15\"><span style=\"color: #800000;\"><b>DESCENDENT<\/b><\/span><\/td>\n<td colspan=\"4\" width=\"80%\" height=\"15\"><span style=\"color: #800000;\"><i>potomek<\/i><\/span><\/td>\n<\/tr>\n<tr>\n<td width=\"20%\" height=\"15\"><\/td>\n<td colspan=\"4\" width=\"80%\" height=\"15\">\n<p align=\"center\"><img decoding=\"async\" loading=\"lazy\" src=\"http:\/\/kaminscy.pl\/images\/ozdob.gif\" width=\"81\" height=\"24\" border=\"0\" \/><\/p>\n<\/td>\n<\/tr>\n<tr>\n<td width=\"20%\" height=\"15\"><span style=\"color: #800000;\"><b>FILIACJA<br \/>\n<\/b><\/span><b><span style=\"color: #003300; font-size: xx-small;\">(<\/span><\/b><span style=\"color: #003300; font-size: xx-small;\">Encyklopedia PWN)<\/span><\/td>\n<td colspan=\"4\" width=\"80%\" height=\"15\"><span style=\"color: #800000;\"><i>[\u0142ac.], w genealogii wzajemny stosunek 2 os\u00f3b, z\u00a0kt\u00f3rych jedna pochodzi od drugiej.<\/i><\/span><\/td>\n<\/tr>\n<tr>\n<td valign=\"top\" width=\"20%\" height=\"23\"><\/td>\n<td colspan=\"4\" width=\"80%\" height=\"23\">\n<p align=\"center\"><img decoding=\"async\" loading=\"lazy\" src=\"http:\/\/kaminscy.pl\/images\/ozdob.gif\" width=\"81\" height=\"24\" border=\"0\" \/><\/p>\n<\/td>\n<\/tr>\n<tr>\n<td valign=\"top\" width=\"20%\" height=\"145\"><b><span style=\"color: #800000;\"> GENEALOGIA<br \/>\n<\/span><span style=\"color: #003300; font-size: xx-small;\">(<\/span><\/b><span style=\"color: #003300; font-size: xx-small;\">Encyklopedia PWN)<\/span><\/td>\n<td colspan=\"4\" width=\"80%\" height=\"145\">[<i><span style=\"color: #800000; font-size: small;\">gr.], nauka pomocnicza historii, badaj\u0105ca stosunki pokrewie\u0144stwa mi\u0119dzy lud\u017ami, s\u0142u\u017cy g\u0142. biografistyce; g. zajmuje si\u0119 ustalaniem filiacji i\u00a0koicji oraz okre\u015blaniem dat narodzin, \u015blub\u00f3w i\u00a0zgon\u00f3w; wyniki bada\u0144 g. s\u0105 przedstawiane w\u00a0formie opisowej lub w\u00a0<b>tablicach genealogicznych<\/b>, obrazuj\u0105cych stosunki genealogiczne mi\u0119dzy cz\u0142onkami rodu; \u017ar\u00f3d\u0142ami w\u00a0g. s\u0105: dokumenty, akta, metryki ko\u015bc., pomniki nagrobne oraz r\u00f3\u017cnego rodzaju prywatne zapiski genealogiczne; pierwsze prace nauk. po\u015bwi\u0119cone g. powsta\u0142y we Francji w\u00a0XVII\u00a0w.; w\u00a0ostatnim \u0107wier\u0107wieczu XIX\u00a0w. g. opracowa\u0142a w\u0142asny przedmiot bada\u0144 i\u00a0metody, g\u0142. dzi\u0119ki O. Lorenzowi i\u00a0O. Forst-Battaglii. W Polsce pierwsz\u0105 prac\u0105 geneaologiczn\u0105 jest herbarz B. Paprockiego z\u00a0XVI\u00a0w.; spo\u015br\u00f3d opracowa\u0144 nauk. najwa\u017cniejsze s\u0105 O. Balzera, F. Piekosi\u0144skiego, W. Semkowicza, W. Dworzaczka, K. Jasi\u0144skiego; 1908\u201339 g. by\u0142y po\u015bwi\u0119cone czasopisma: \u201eRocznik Towarzystwa Heraldycznego\u201d i\u00a0\u201eMiesi\u0119cznik Heraldyczny\u201d.<\/span><span style=\"color: #800000; font-size: xx-small;\"><br \/>\n<\/span><\/i><\/td>\n<\/tr>\n<tr>\n<td valign=\"top\" width=\"20%\" height=\"23\"><\/td>\n<td colspan=\"4\" width=\"80%\" height=\"23\">\n<p align=\"center\"><img decoding=\"async\" loading=\"lazy\" src=\"http:\/\/kaminscy.pl\/images\/ozdob.gif\" width=\"69\" height=\"26\" border=\"0\" \/><\/p>\n<\/td>\n<\/tr>\n<tr>\n<td valign=\"top\" width=\"20%\" height=\"145\"><b><span style=\"color: #800000;\"> GENEALOGIA<br \/>\n<\/span><span style=\"color: #003300; font-size: xx-small;\">(<\/span><\/b><span style=\"color: #003300; font-size: xx-small;\">Wielka Internetowa Encyklopedia Multimedialna)<\/span><\/td>\n<td colspan=\"4\" width=\"80%\" height=\"145\"><i><span style=\"color: #800000;\">nauka pomocnicza historii badaj\u0105ca stosunki pokrewie\u0144stwa i\u00a0powinowactwa mi\u0119dzy lud\u017ami, ustalaj\u0105ca stopie\u0144 filiacji (wzajemny stosunek dwojga os\u00f3b, z\u00a0kt\u00f3rych jedna pochodzi od drugiej, tzw. pokrewie\u0144stwo wst\u0119pne lub zst\u0119pne) i\u00a0koicji (zwi\u0105zek dwojga os\u00f3b p\u0142ci odmiennej, zawarty dla wydania potomstwa) oraz okre\u015blaj\u0105ca daty narodzin, \u015blub\u00f3w i\u00a0zgon\u00f3w.<br \/>\nWyniki poszukiwa\u0144 przedstawiane s\u0105 w\u00a0formie opisowej lub w\u00a0postaci tablic genealogicznych: przodk\u00f3w (ascendet\u00f3w) &#8211; w\u00a0formie tzw. wywodu, oraz potomk\u00f3w (descendent\u00f3w) &#8211; w\u00a0formie tzw. drzewa genealogicznego. Podstawowymi \u017ar\u00f3d\u0142ami wykorzystywanymi przez genealogi\u0119 s\u0105: ksi\u0119gi parafialne, akta s\u0105dowe i\u00a0stanu cywilnego, a\u00a0tak\u017ce inne dokumenty, pomniki nagrobne itp.<br \/>\nW XIX w. wzros\u0142o zainteresowanie genealogi\u0105, doprowadzaj\u0105c do wypracowania metod badawczych spe\u0142niaj\u0105cych wymagania krytyki naukowej. Do rozwoju genealogii polskiej przyczynili si\u0119 m.in.: B. Paprocki, K. Niesiecki, A. Boniecki, O. Balzer, F. Piekosi\u0144ski, W. Semkowicz, W. Dworzaczek.<\/span><span style=\"color: #800000; font-size: xx-small;\"><br \/>\n<\/span><\/i><\/td>\n<\/tr>\n<tr>\n<td valign=\"top\" width=\"20%\" height=\"23\"><\/td>\n<td colspan=\"4\" width=\"80%\" height=\"23\">\n<p align=\"center\"><img decoding=\"async\" loading=\"lazy\" src=\"http:\/\/kaminscy.pl\/images\/ozdob.gif\" width=\"69\" height=\"26\" border=\"0\" \/><\/p>\n<\/td>\n<\/tr>\n<tr>\n<td valign=\"top\" width=\"20%\" height=\"67\"><b><span style=\"color: #800000;\">HERBARZ<\/span><\/b><span style=\"color: #003300; font-size: xx-small;\"><br \/>\n<\/span><b><span style=\"color: #003300; font-size: xx-small;\">(<\/span><\/b><span style=\"color: #003300; font-size: xx-small;\">Encyklopedia PWN)<\/span><\/td>\n<td colspan=\"4\" width=\"80%\" height=\"67\"><span style=\"color: #800000;\"><i><b>armoria\u0142,<\/b> dzie\u0142o zawieraj\u0105ce rysunki lub opisy herb\u00f3w, informacje o\u00a0ich pochodzeniu, wyliczenie oraz cz\u0119sto genealogi\u0119 i\u00a0histori\u0119 u\u017cywaj\u0105cych je rod\u00f3w; pierwszym h. polskim by\u0142y w\u00a0XV\u00a0w. Insignia seu clenodia incliti Regni Poloniae J. D\u0142ugosza; w\u00a02 po\u0142. XVI\u00a0w. ukaza\u0142 si\u0119 h. B. Paprockiego, w\u00a0XVII\u00a0w. \u2014 h. S. Okolskiego i\u00a0W. Wijuk-Koja\u0142owicza; najlepszy h. doby przedrozbiorowej (XVIII\u00a0w.) to h. K. Niesieckiego; od po\u0142. XIX\u00a0w. ukazywa\u0142y si\u0119 h. oparte na \u017ar\u00f3d\u0142ach dokumentowych \u2014 prace T. \u017bychli\u0144skiego i\u00a0S. Kossakowskiego; cenne okaza\u0142y si\u0119 h. A. Bonieckiego i\u00a0J. Wolffa, oparte na Metryce Koronnej i\u00a0na \u017ar\u00f3d\u0142ach aktowych; ca\u0142kowicie bezkrytyczny \u2014 S. Uruskiego; do nowszych publikacji typu zachodnioeur. nale\u017cy praca S. Chrz\u0105\u0144skiego Tablice odmian herbowych (1909).<br \/>\n<\/i><\/span><\/td>\n<\/tr>\n<tr>\n<td valign=\"top\" width=\"20%\" height=\"23\"><\/td>\n<td colspan=\"4\" width=\"80%\" height=\"23\">\n<p align=\"center\"><img decoding=\"async\" loading=\"lazy\" src=\"http:\/\/kaminscy.pl\/images\/ozdob.gif\" width=\"77\" height=\"24\" border=\"0\" \/><\/p>\n<\/td>\n<\/tr>\n<tr>\n<td width=\"20%\" height=\"15\"><span style=\"color: #800000;\"><b>HEROLD<\/b><\/span><\/td>\n<td colspan=\"4\" width=\"80%\" height=\"15\"><span style=\"color: #800000;\"><i>na dworach panuj\u0105cych pocz\u0105tkowo wywo\u0142ywacz a p\u00f3\u017aniej znawca herb\u00f3w; przestrzega\u0142 ich poprawno\u015bci<\/i><\/span><\/td>\n<\/tr>\n<tr>\n<td width=\"20%\" height=\"15\"><\/td>\n<td colspan=\"4\" width=\"80%\" height=\"15\">\n<p align=\"center\"><img decoding=\"async\" loading=\"lazy\" src=\"http:\/\/kaminscy.pl\/images\/ozdob.gif\" width=\"81\" height=\"24\" border=\"0\" \/><\/p>\n<\/td>\n<\/tr>\n<tr>\n<td width=\"20%\" height=\"15\"><span style=\"color: #800000;\"><b>KOICJA<\/b><\/span><\/td>\n<td colspan=\"4\" width=\"80%\" height=\"15\"><span style=\"color: #800000;\"><i>zwi\u0105zek dwojga os\u00f3b odmiennej p\u0142ci zawarty dla wydania potomstwa<br \/>\n<\/i><\/span><\/td>\n<\/tr>\n<tr>\n<td width=\"20%\" height=\"15\"><\/td>\n<td colspan=\"4\" width=\"80%\" height=\"15\">\n<p align=\"center\"><img decoding=\"async\" loading=\"lazy\" src=\"http:\/\/kaminscy.pl\/images\/ozdob.gif\" width=\"81\" height=\"24\" border=\"0\" \/><\/p>\n<\/td>\n<\/tr>\n<tr>\n<td valign=\"top\" width=\"20%\" height=\"182\"><b><span style=\"color: #800000;\">NAZWISKO<span style=\"font-size: xx-small;\"><br \/>\n<\/span><\/span><span style=\"font-size: xx-small;\"><span style=\"color: #003300;\">(<\/span><\/span><\/b><span style=\"color: #003300; font-size: xx-small;\">Encyklopedia PWN)<\/span><\/td>\n<td colspan=\"4\" width=\"80%\" height=\"182\"><span style=\"color: #800000; font-size: small;\"><i> podstawowy opr\u00f3cz imienia czynnik s\u0142u\u017c\u0105cy do indywidualizacji osoby fiz.; jest dobrem osobistym i\u00a0podlega ochronie s\u0105dowej w\u00a0razie bezprawnego naruszenia; w\u00a0Polsce nazwisko mo\u017ce si\u0119 sk\u0142ada\u0107 najwy\u017cej z\u00a02 cz\u0142on\u00f3w; dziecko nosi w\u00a0zasadzie nazwisko ojca, a\u00a0niekiedy nazwisko matki (np. w\u00a0razie nieustalenia ojcostwa, zgodnego o\u015bwiadczenia ma\u0142\u017conk\u00f3w przy zawarciu ma\u0142\u017ce\u0144stwa, r\u00f3wnie\u017c przez przyj\u0119cie przez m\u0119\u017ca nazwiska \u017cony); zmiana nazwiska mo\u017ce nast\u0105pi\u0107 m.in.: w\u00a0razie zawarcia ma\u0142\u017ce\u0144stwa, przez przysposobienie, a\u00a0tak\u017ce z\u00a0wa\u017cnych powod\u00f3w na wniosek zainteresowanego przez orzeczenie organu administracji pa\u0144stwowej. Z j\u0119zykoznawczego punktu widzenia nazwisko nale\u017cy do imion w\u0142asnych (nazw osobowych), ale nie tworzy odr\u0119bnej kategorii j\u0119zykowej; w\u00a0polszczy\u017anie wyr\u00f3\u017cnia si\u0119 3 typy nazwisk: przezwiskowe, pochodz\u0105ce od nazwy, znamiennej cechy lub uprawianego zaj\u0119cia (Bystro\u0144, G\u00f3ral, Kowalczyk), odimienne, pochodz\u0105ce od imienia ojcowskiego (Stasiak, \u0141ukaszewicz), odmiejscowe \u2014 wyprowadzone od miejsca urodzenia, zamieszkania (Tarnowski, G\u00f3rski, Zaleski).<br \/>\n<\/i><\/span><\/td>\n<\/tr>\n<tr>\n<td valign=\"top\" width=\"20%\" height=\"23\"><\/td>\n<td colspan=\"4\" width=\"80%\" height=\"23\">\n<p align=\"center\"><img decoding=\"async\" loading=\"lazy\" src=\"http:\/\/kaminscy.pl\/images\/ozdob.gif\" width=\"69\" height=\"21\" border=\"0\" \/><\/p>\n<\/td>\n<\/tr>\n<tr>\n<td width=\"20%\" height=\"15\"><span style=\"color: #800000;\"><b>PO K\u0104DZIELI<\/b><\/span><\/td>\n<td colspan=\"4\" width=\"80%\" height=\"15\"><span style=\"color: #800000;\"><i>po linii \u017ce\u0144skiej<\/i><\/span><\/td>\n<\/tr>\n<tr>\n<td width=\"20%\" height=\"15\"><\/td>\n<td colspan=\"4\" width=\"80%\" height=\"15\">\n<p align=\"center\"><img decoding=\"async\" loading=\"lazy\" src=\"http:\/\/kaminscy.pl\/images\/ozdob.gif\" width=\"81\" height=\"24\" border=\"0\" \/><\/p>\n<\/td>\n<\/tr>\n<tr>\n<td width=\"20%\" height=\"15\"><span style=\"color: #800000;\"><b>PO MIECZU<\/b><\/span><\/td>\n<td colspan=\"4\" width=\"80%\" height=\"15\"><span style=\"color: #800000;\"><i>po linii m\u0119skiej<\/i><\/span><\/td>\n<\/tr>\n<tr>\n<td width=\"20%\" height=\"15\"><\/td>\n<td colspan=\"4\" width=\"80%\" height=\"15\">\n<p align=\"center\"><img decoding=\"async\" loading=\"lazy\" src=\"http:\/\/kaminscy.pl\/images\/ozdob.gif\" width=\"81\" height=\"24\" border=\"0\" \/><\/p>\n<\/td>\n<\/tr>\n<tr>\n<td width=\"20%\" height=\"15\"><span style=\"color: #800000;\"><b>PROBANT<\/b><\/span><\/td>\n<td colspan=\"4\" width=\"80%\" height=\"15\"><span style=\"color: #800000;\"><i>osoba, od kt\u00f3rej budowane jest drzewo przodk\u00f3w <\/i><\/span><\/td>\n<\/tr>\n<tr>\n<td width=\"20%\" height=\"15\"><\/td>\n<td colspan=\"4\" width=\"80%\" height=\"15\">\n<p align=\"center\"><img decoding=\"async\" loading=\"lazy\" src=\"http:\/\/kaminscy.pl\/images\/ozdob.gif\" width=\"81\" height=\"24\" border=\"0\" \/><\/p>\n<\/td>\n<\/tr>\n<tr>\n<td width=\"20%\" height=\"15\"><span style=\"color: #800000;\"><b>PROPTOPLASTA<\/b><\/span><\/td>\n<td colspan=\"4\" width=\"80%\" height=\"15\"><span style=\"color: #800000;\"><i>osoba, od kt\u00f3rej budowane jest drzewo potomk\u00f3w<\/i><\/span><\/td>\n<\/tr>\n<tr>\n<td width=\"20%\" height=\"15\"><\/td>\n<td colspan=\"4\" width=\"80%\" height=\"15\">\n<p align=\"center\"><img decoding=\"async\" loading=\"lazy\" src=\"http:\/\/kaminscy.pl\/images\/ozdob.gif\" width=\"81\" height=\"24\" border=\"0\" \/><\/p>\n<\/td>\n<\/tr>\n<tr>\n<td width=\"20%\" height=\"15\"><span style=\"color: #800000;\"><b>RODOW\u00d3D<\/b><\/span><\/td>\n<td colspan=\"4\" width=\"80%\" height=\"15\"><span style=\"color: #800000;\"><i>w stron\u0119 przodk\u00f3w<\/i><\/span><\/td>\n<\/tr>\n<tr>\n<td width=\"20%\" height=\"15\"><\/td>\n<td colspan=\"4\" width=\"80%\" height=\"15\">\n<p align=\"center\"><img decoding=\"async\" loading=\"lazy\" src=\"http:\/\/kaminscy.pl\/images\/ozdob.gif\" width=\"81\" height=\"24\" border=\"0\" \/><\/p>\n<\/td>\n<\/tr>\n<tr>\n<td width=\"20%\" height=\"15\"><span style=\"color: #800000;\"><b>WYW\u00d3D<\/b><\/span><\/td>\n<td colspan=\"4\" width=\"80%\" height=\"15\"><span style=\"color: #800000;\"><i>w stron\u0119 potomk\u00f3w<\/i><\/span><\/td>\n<\/tr>\n<tr>\n<td width=\"20%\" height=\"15\"><\/td>\n<td colspan=\"4\" width=\"80%\" height=\"15\">\n<p align=\"center\"><img decoding=\"async\" loading=\"lazy\" src=\"http:\/\/kaminscy.pl\/images\/ozdob.gif\" width=\"81\" height=\"24\" border=\"0\" \/><\/p>\n<\/td>\n<\/tr>\n<\/tbody>\n<\/table>\n","protected":false},"excerpt":{"rendered":"<p>Te strony chcia\u0142bym przeznaczy\u0107 na r\u00f3\u017cnego rodzaju pomoc dla wszystkich korzystaj\u0105cych z internetu i odwiedzaj\u0105cych te strony a zainteresowanych tematyk\u0105 genealogii.\u00a0 Oczywi\u015bcie nie b\u0119d\u0119 &#8222;odkrywa\u0142 Ameryki&#8221; i wykorzystam \u017ar\u00f3d\u0142a i wiadomo\u015bci os\u00f3b \u015bwiatlejszych w tej tematyce ode mnie. ASCENDENT przodek DESCENDENT potomek FILIACJA (Encyklopedia PWN) [\u0142ac.], w genealogii wzajemny stosunek 2 os\u00f3b, z\u00a0kt\u00f3rych jedna pochodzi &hellip; <a href=\"https:\/\/kaminscy.pl\/index.php\/genealogia\/podstawy\/\" class=\"more-link\">Czytaj dalej<span class=\"screen-reader-text\"> Podstawy<\/span><\/a><\/p>\n","protected":false},"author":1,"featured_media":0,"parent":88,"menu_order":63,"comment_status":"closed","ping_status":"closed","template":"","meta":[],"_links":{"self":[{"href":"https:\/\/kaminscy.pl\/index.php\/wp-json\/wp\/v2\/pages\/259"}],"collection":[{"href":"https:\/\/kaminscy.pl\/index.php\/wp-json\/wp\/v2\/pages"}],"about":[{"href":"https:\/\/kaminscy.pl\/index.php\/wp-json\/wp\/v2\/types\/page"}],"author":[{"embeddable":true,"href":"https:\/\/kaminscy.pl\/index.php\/wp-json\/wp\/v2\/users\/1"}],"replies":[{"embeddable":true,"href":"https:\/\/kaminscy.pl\/index.php\/wp-json\/wp\/v2\/comments?post=259"}],"version-history":[{"count":3,"href":"https:\/\/kaminscy.pl\/index.php\/wp-json\/wp\/v2\/pages\/259\/revisions"}],"predecessor-version":[{"id":308,"href":"https:\/\/kaminscy.pl\/index.php\/wp-json\/wp\/v2\/pages\/259\/revisions\/308"}],"up":[{"embeddable":true,"href":"https:\/\/kaminscy.pl\/index.php\/wp-json\/wp\/v2\/pages\/88"}],"wp:attachment":[{"href":"https:\/\/kaminscy.pl\/index.php\/wp-json\/wp\/v2\/media?parent=259"}],"curies":[{"name":"wp","href":"https:\/\/api.w.org\/{rel}","templated":true}]}}