{"id":261,"date":"2017-02-24T19:10:08","date_gmt":"2017-02-24T18:10:08","guid":{"rendered":"http:\/\/genealogia.kaminscy.pl\/?page_id=261"},"modified":"2024-12-05T20:11:53","modified_gmt":"2024-12-05T19:11:53","slug":"miejscowosci","status":"publish","type":"page","link":"https:\/\/kaminscy.pl\/index.php\/genealogia\/miejscowosci\/","title":{"rendered":"Miejscowo\u015bci"},"content":{"rendered":"<p><img decoding=\"async\" loading=\"lazy\" class=\"alignnone size-full wp-image-204\" src=\"http:\/\/genealogia.kaminscy.pl\/wp-content\/uploads\/2017\/02\/napgen.jpg\" alt=\"\" width=\"138\" height=\"35\" \/><\/p>\n<p align=\"center\"><img decoding=\"async\" loading=\"lazy\" src=\"http:\/\/kaminscy.pl\/images\/ozdob.gif\" width=\"100\" height=\"31\" border=\"0\" \/><\/p>\n<p align=\"center\"><span style=\"color: #003300;\"><i>Przyjmuj\u0105c za\u0142o\u017cenie, \u017ce nasze nazwisko wywodzi si\u0119 od miejscowo\u015bci postanowi\u0142em zlokalizowa\u0107 jak najwi\u0119cej miejscowo\u015bci, kt\u00f3re mog\u0142y odegra\u0107 &#8222;historyczn\u0105&#8221; rol\u0119 w jego tworzeniu.<\/i><\/span><\/p>\n<p align=\"center\"><span style=\"color: #003300;\"><i>Na pocz\u0105tek trzy wojew\u00f3dztwa.<\/i><\/span><\/p>\n<table id=\"AutoNumber3\" border=\"3\" width=\"100%\" cellspacing=\"1\">\n<tbody>\n<tr>\n<td rowspan=\"2\" align=\"center\" width=\"27%\" height=\"34\"><span style=\"color: #800000;\"><b>Wojew\u00f3dztwo<\/b><\/span><\/td>\n<td rowspan=\"2\" align=\"center\" width=\"26%\" height=\"34\"><span style=\"color: #800000;\"><b>Miejscowo\u015b\u0107<\/b><\/span><\/td>\n<td rowspan=\"2\" align=\"center\" width=\"22%\" height=\"34\"><span style=\"color: #800000;\"><b>Powiat<\/b><\/span><\/td>\n<td colspan=\"2\" align=\"center\" width=\"25%\" height=\"19\"><b><span style=\"color: #800000;\">Lokalizacja<\/span><\/b><\/td>\n<\/tr>\n<tr>\n<td align=\"center\" width=\"13%\" height=\"14\"><b><span style=\"color: #800000;\"><sup>o<\/sup>N<\/span><\/b><\/td>\n<td align=\"center\" width=\"12%\" height=\"14\"><b><span style=\"color: #800000;\"><sup>o<\/sup>E<\/span><\/b><\/td>\n<\/tr>\n<tr>\n<td rowspan=\"7\" align=\"center\" width=\"27%\" height=\"133\"><i><b><span style=\"color: #003300;\">Kujawsko-pomorskie<\/span><\/b><\/i><\/td>\n<td width=\"26%\" height=\"19\"><i><span style=\"color: #003300;\">Kamienica<\/span><\/i><\/td>\n<td width=\"22%\" height=\"19\"><span style=\"color: #800000;\"><i>Lipno<\/i><\/span><\/td>\n<td align=\"center\" width=\"13%\" height=\"19\"><span style=\"color: #000080; font-size: small;\">52,65<\/span><\/td>\n<td align=\"center\" width=\"12%\" height=\"19\"><span style=\"color: #000080; font-size: small;\">19,40<\/span><\/td>\n<\/tr>\n<tr>\n<td width=\"26%\" height=\"19\"><span style=\"color: #003300;\"><i>Kamienica<\/i><\/span><\/td>\n<td width=\"22%\" height=\"19\"><span style=\"color: #800000;\"><i>Tuchola<\/i><\/span><\/td>\n<td align=\"center\" width=\"13%\" height=\"19\"><span style=\"color: #000080; font-size: small;\">53,48<\/span><\/td>\n<td align=\"center\" width=\"12%\" height=\"19\"><span style=\"color: #000080; font-size: small;\">17,81<\/span><\/td>\n<\/tr>\n<tr>\n<td width=\"26%\" height=\"19\"><span style=\"color: #003300;\"><i>Kamie\u0144<\/i><\/span><\/td>\n<td width=\"22%\" height=\"19\"><span style=\"color: #800000;\"><i>Brodnica<\/i><\/span><\/td>\n<td align=\"center\" width=\"13%\" height=\"19\"><span style=\"color: #000080; font-size: small;\">53,37<\/span><\/td>\n<td align=\"center\" width=\"12%\" height=\"19\"><span style=\"color: #000080; font-size: small;\">19,19<\/span><\/td>\n<\/tr>\n<tr>\n<td width=\"26%\" height=\"19\"><span style=\"color: #003300;\"><i>Kamionka<\/i><\/span><\/td>\n<td width=\"22%\" height=\"19\"><span style=\"color: #800000;\"><i>\u015awiecie<\/i><\/span><\/td>\n<td align=\"center\" width=\"13%\" height=\"19\"><span style=\"color: #000080; font-size: small;\">53,69<\/span><\/td>\n<td align=\"center\" width=\"12%\" height=\"19\"><span style=\"color: #000080; font-size: small;\">18,64<\/span><\/td>\n<\/tr>\n<tr>\n<td width=\"26%\" height=\"19\"><span style=\"color: #003300;\"><i>Kamionka<\/i><\/span><\/td>\n<td width=\"22%\" height=\"19\"><span style=\"color: #800000;\"><i>Golub-Dobrzy\u0144<\/i><\/span><\/td>\n<td align=\"center\" width=\"13%\" height=\"19\"><span style=\"color: #000080; font-size: small;\">53,09<\/span><\/td>\n<td align=\"center\" width=\"12%\" height=\"19\"><span style=\"color: #000080; font-size: small;\">19,14<\/span><\/td>\n<\/tr>\n<tr>\n<td width=\"26%\" height=\"19\"><span style=\"color: #003300;\"><i>Kamionki Du\u017ce<\/i><\/span><\/td>\n<td width=\"22%\" height=\"19\"><span style=\"color: #800000;\"><i>Toru\u0144<\/i><\/span><\/td>\n<td align=\"center\" width=\"13%\" height=\"19\"><span style=\"color: #000080; font-size: small;\">53,13<\/span><\/td>\n<td align=\"center\" width=\"12%\" height=\"19\"><span style=\"color: #000080; font-size: small;\">18,72<\/span><\/td>\n<\/tr>\n<tr>\n<td width=\"26%\" height=\"19\"><span style=\"color: #003300;\"><i>Kamionki Ma\u0142e<\/i><\/span><\/td>\n<td width=\"22%\" height=\"19\"><span style=\"color: #800000;\"><i>Toru\u0144<\/i><\/span><\/td>\n<td align=\"center\" width=\"13%\" height=\"19\"><span style=\"color: #000080; font-size: small;\">53,13<\/span><\/td>\n<td align=\"center\" width=\"12%\" height=\"19\"><span style=\"color: #000080; font-size: small;\">18,75<\/span><\/td>\n<\/tr>\n<tr>\n<td rowspan=\"7\" align=\"center\" width=\"27%\" height=\"133\"><span style=\"color: #003300;\"><i><b>\u0141\u00f3dzkie<\/b><\/i><\/span><\/td>\n<td width=\"26%\" height=\"19\"><span style=\"color: #003300;\"><i>Kamie\u0144<\/i><\/span><\/td>\n<td width=\"22%\" height=\"19\"><\/td>\n<td align=\"center\" width=\"13%\" height=\"19\"><span style=\"color: #000080; font-size: small;\">51,98<\/span><\/td>\n<td align=\"center\" width=\"12%\" height=\"19\"><span style=\"color: #000080; font-size: small;\">19,75<\/span><\/td>\n<\/tr>\n<tr>\n<td width=\"26%\" height=\"19\"><span style=\"color: #003300;\"><i>Kamie\u0144<\/i><\/span><\/td>\n<td width=\"22%\" height=\"19\"><\/td>\n<td align=\"center\" width=\"13%\" height=\"19\"><span style=\"color: #000080; font-size: small;\">51,25<\/span><\/td>\n<td align=\"center\" width=\"12%\" height=\"19\"><span style=\"color: #000080; font-size: small;\">19,22<\/span><\/td>\n<\/tr>\n<tr>\n<td width=\"26%\" height=\"19\"><span style=\"color: #003300;\"><i>Kamie\u0144<\/i><\/span><\/td>\n<td width=\"22%\" height=\"19\"><\/td>\n<td align=\"center\" width=\"13%\" height=\"19\"><span style=\"color: #000080; font-size: small;\">51,44<\/span><\/td>\n<td align=\"center\" width=\"12%\" height=\"19\"><span style=\"color: #000080; font-size: small;\">20,15<\/span><\/td>\n<\/tr>\n<tr>\n<td width=\"26%\" height=\"19\"><span style=\"color: #003300;\"><i>Kamie\u0144<\/i><\/span><\/td>\n<td width=\"22%\" height=\"19\"><\/td>\n<td align=\"center\" width=\"13%\" height=\"19\"><span style=\"color: #000080; font-size: small;\">51,90<\/span><\/td>\n<td align=\"center\" width=\"12%\" height=\"19\"><span style=\"color: #000080; font-size: small;\">19,80<\/span><\/td>\n<\/tr>\n<tr>\n<td width=\"26%\" height=\"19\"><span style=\"color: #003300;\"><i>Kamion<\/i><\/span><\/td>\n<td width=\"22%\" height=\"19\"><\/td>\n<td align=\"center\" width=\"13%\" height=\"19\"><span style=\"color: #000080; font-size: small;\">51,15<\/span><\/td>\n<td align=\"center\" width=\"12%\" height=\"19\"><span style=\"color: #000080; font-size: small;\">18,75<\/span><\/td>\n<\/tr>\n<tr>\n<td width=\"26%\" height=\"19\"><span style=\"color: #003300;\"><i>Kamionka<\/i><\/span><\/td>\n<td width=\"22%\" height=\"19\"><\/td>\n<td align=\"center\" width=\"13%\" height=\"19\"><span style=\"color: #000080; font-size: small;\">51,40<\/span><\/td>\n<td align=\"center\" width=\"12%\" height=\"19\"><span style=\"color: #000080; font-size: small;\">18,73<\/span><\/td>\n<\/tr>\n<tr>\n<td width=\"26%\" height=\"19\"><span style=\"color: #003300;\"><i>Kamionka<\/i><\/span><\/td>\n<td width=\"22%\" height=\"19\"><\/td>\n<td align=\"center\" width=\"13%\" height=\"19\"><span style=\"color: #000080; font-size: small;\">51,22<\/span><\/td>\n<td align=\"center\" width=\"12%\" height=\"19\"><span style=\"color: #000080; font-size: small;\">18,21<\/span><\/td>\n<\/tr>\n<tr>\n<td rowspan=\"7\" align=\"center\" width=\"27%\" height=\"114\"><b><span style=\"color: #003300;\"><i>Mazowieckie<\/i><\/span><\/b><\/td>\n<td width=\"26%\" height=\"19\"><span style=\"color: #003300;\"><i>Kamienica<\/i><\/span><\/td>\n<td width=\"22%\" height=\"19\"><\/td>\n<td align=\"center\" width=\"13%\" height=\"19\"><span style=\"color: #000080; font-size: small;\">52,47<\/span><\/td>\n<td align=\"center\" width=\"12%\" height=\"19\"><span style=\"color: #000080; font-size: small;\">20,48<\/span><\/td>\n<\/tr>\n<tr>\n<td width=\"26%\" height=\"19\"><span style=\"color: #003300;\"><i>Kamie\u0144<\/i><\/span><\/td>\n<td width=\"22%\" height=\"19\"><\/td>\n<td align=\"center\" width=\"13%\" height=\"19\"><span style=\"color: #000080; font-size: small;\">53,12<\/span><\/td>\n<td align=\"center\" width=\"12%\" height=\"19\"><span style=\"color: #000080; font-size: small;\">20,68<\/span><\/td>\n<\/tr>\n<tr>\n<td width=\"26%\" height=\"19\"><span style=\"color: #003300;\"><i>Kamie\u0144<\/i><\/span><\/td>\n<td width=\"22%\" height=\"19\"><\/td>\n<td align=\"center\" width=\"13%\" height=\"19\"><span style=\"color: #000080; font-size: small;\">51,38<\/span><\/td>\n<td align=\"center\" width=\"12%\" height=\"19\"><span style=\"color: #000080; font-size: small;\">20,76<\/span><\/td>\n<\/tr>\n<tr>\n<td width=\"26%\" height=\"19\"><span style=\"color: #003300;\"><i>Kamion<\/i><\/span><\/td>\n<td width=\"22%\" height=\"19\"><\/td>\n<td align=\"center\" width=\"13%\" height=\"19\"><span style=\"color: #000080; font-size: small;\">52,36<\/span><\/td>\n<td align=\"center\" width=\"12%\" height=\"19\"><span style=\"color: #000080; font-size: small;\">20,20<\/span><\/td>\n<\/tr>\n<tr>\n<td width=\"26%\" height=\"19\"><span style=\"color: #003300;\"><i>Kamion<\/i><\/span><\/td>\n<td width=\"22%\" height=\"19\"><\/td>\n<td align=\"center\" width=\"13%\" height=\"19\"><span style=\"color: #000080; font-size: small;\">51,94<\/span><\/td>\n<td align=\"center\" width=\"12%\" height=\"19\"><span style=\"color: #000080; font-size: small;\">20,26<\/span><\/td>\n<\/tr>\n<tr>\n<td width=\"26%\" height=\"19\"><span style=\"color: #003300;\"><i>Kamionki<\/i><\/span><\/td>\n<td width=\"22%\" height=\"19\"><\/td>\n<td align=\"center\" width=\"13%\" height=\"19\"><span style=\"color: #000080; font-size: small;\">52,64<\/span><\/td>\n<td align=\"center\" width=\"12%\" height=\"19\"><span style=\"color: #000080; font-size: small;\">19,65<\/span><\/td>\n<\/tr>\n<tr>\n<td width=\"26%\" height=\"19\"><i><span style=\"color: #003300;\">Kamienice<\/span><\/i> \/ <i><span style=\"color: #003300;\">Kraski-\u015alesice<\/span><\/i><\/td>\n<td width=\"22%\" height=\"19\"><span style=\"color: #800000;\"><i>Przasnysz<\/i><\/span><\/td>\n<td align=\"center\" width=\"13%\" height=\"19\"><span style=\"color: #000080; font-size: small;\">52,94<\/span><\/td>\n<td align=\"center\" width=\"12%\" height=\"19\"><span style=\"color: #000080; font-size: small;\">20,81<\/span><\/td>\n<\/tr>\n<tr>\n<td rowspan=\"2\" align=\"center\" width=\"27%\" height=\"47\"><span style=\"color: #003300;\"><b><i>Wielkopolskie<\/i><\/b><\/span><\/td>\n<td width=\"26%\" height=\"23\"><span style=\"color: #003300;\"><i>Kami\u0144sko<\/i><\/span><\/td>\n<td width=\"22%\" height=\"23\"><span style=\"color: #800000;\"><i>Pozna\u0144<\/i><\/span><\/td>\n<td align=\"center\" width=\"13%\" height=\"23\"><span style=\"color: #000080; font-size: small;\">52,53<\/span><\/td>\n<td align=\"center\" width=\"12%\" height=\"23\"><span style=\"color: #000080; font-size: small;\">17,06<\/span><\/td>\n<\/tr>\n<tr>\n<td width=\"26%\" height=\"23\"><\/td>\n<td width=\"22%\" height=\"23\"><\/td>\n<td align=\"center\" width=\"13%\" height=\"23\"><\/td>\n<td align=\"center\" width=\"12%\" height=\"23\"><\/td>\n<\/tr>\n<tr>\n<td rowspan=\"2\" align=\"center\" width=\"27%\" height=\"48\"><span style=\"color: #003300;\"><b><i>\u015al\u0105skie<\/i><\/b><\/span><\/td>\n<td width=\"26%\" height=\"24\"><span style=\"color: #003300;\"><i>Kamie\u0144sko<\/i><\/span><\/td>\n<td width=\"22%\" height=\"24\"><span style=\"color: #800000;\"><i>K\u0142obuck<\/i><\/span><\/td>\n<td align=\"center\" width=\"13%\" height=\"24\"><span style=\"color: #000080; font-size: small;\">50,80<\/span><\/td>\n<td align=\"center\" width=\"12%\" height=\"24\"><span style=\"color: #000080; font-size: small;\">18,72<\/span><\/td>\n<\/tr>\n<tr>\n<td width=\"26%\" height=\"23\"><\/td>\n<td width=\"22%\" height=\"23\"><\/td>\n<td align=\"center\" width=\"13%\" height=\"23\"><\/td>\n<td align=\"center\" width=\"12%\" height=\"23\"><\/td>\n<\/tr>\n<\/tbody>\n<\/table>\n","protected":false},"excerpt":{"rendered":"<p>Przyjmuj\u0105c za\u0142o\u017cenie, \u017ce nasze nazwisko wywodzi si\u0119 od miejscowo\u015bci postanowi\u0142em zlokalizowa\u0107 jak najwi\u0119cej miejscowo\u015bci, kt\u00f3re mog\u0142y odegra\u0107 &#8222;historyczn\u0105&#8221; rol\u0119 w jego tworzeniu. Na pocz\u0105tek trzy wojew\u00f3dztwa. Wojew\u00f3dztwo Miejscowo\u015b\u0107 Powiat Lokalizacja oN oE Kujawsko-pomorskie Kamienica Lipno 52,65 19,40 Kamienica Tuchola 53,48 17,81 Kamie\u0144 Brodnica 53,37 19,19 Kamionka \u015awiecie 53,69 18,64 Kamionka Golub-Dobrzy\u0144 53,09 19,14 Kamionki Du\u017ce &hellip; <a href=\"https:\/\/kaminscy.pl\/index.php\/genealogia\/miejscowosci\/\" class=\"more-link\">Czytaj dalej<span class=\"screen-reader-text\"> Miejscowo\u015bci<\/span><\/a><\/p>\n","protected":false},"author":1,"featured_media":0,"parent":88,"menu_order":62,"comment_status":"closed","ping_status":"closed","template":"","meta":[],"_links":{"self":[{"href":"https:\/\/kaminscy.pl\/index.php\/wp-json\/wp\/v2\/pages\/261"}],"collection":[{"href":"https:\/\/kaminscy.pl\/index.php\/wp-json\/wp\/v2\/pages"}],"about":[{"href":"https:\/\/kaminscy.pl\/index.php\/wp-json\/wp\/v2\/types\/page"}],"author":[{"embeddable":true,"href":"https:\/\/kaminscy.pl\/index.php\/wp-json\/wp\/v2\/users\/1"}],"replies":[{"embeddable":true,"href":"https:\/\/kaminscy.pl\/index.php\/wp-json\/wp\/v2\/comments?post=261"}],"version-history":[{"count":8,"href":"https:\/\/kaminscy.pl\/index.php\/wp-json\/wp\/v2\/pages\/261\/revisions"}],"predecessor-version":[{"id":518,"href":"https:\/\/kaminscy.pl\/index.php\/wp-json\/wp\/v2\/pages\/261\/revisions\/518"}],"up":[{"embeddable":true,"href":"https:\/\/kaminscy.pl\/index.php\/wp-json\/wp\/v2\/pages\/88"}],"wp:attachment":[{"href":"https:\/\/kaminscy.pl\/index.php\/wp-json\/wp\/v2\/media?parent=261"}],"curies":[{"name":"wp","href":"https:\/\/api.w.org\/{rel}","templated":true}]}}