{"id":27,"date":"2017-02-18T22:23:11","date_gmt":"2017-02-18T21:23:11","guid":{"rendered":"http:\/\/heraldyka.kaminscy.pl\/?page_id=27"},"modified":"2017-02-25T18:02:55","modified_gmt":"2017-02-25T17:02:55","slug":"rodzina","status":"publish","type":"page","link":"https:\/\/kaminscy.pl\/index.php\/rodzina\/","title":{"rendered":"Rodzina"},"content":{"rendered":"<p><img decoding=\"async\" loading=\"lazy\" class=\"alignnone size-full wp-image-208\" src=\"http:\/\/genealogia.kaminscy.pl\/wp-content\/uploads\/2017\/02\/napROD1.jpg\" alt=\"\" width=\"138\" height=\"35\" \/><\/p>\n<p align=\"center\"><i><b>Zarys dziej\u00f3w mojej rodziny (Kaminskich)<\/b><\/i><\/p>\n<p align=\"center\"><img decoding=\"async\" loading=\"lazy\" src=\"http:\/\/kaminscy.pl\/images\/Mapanew1.gif\" width=\"380\" height=\"233\" border=\"0\" \/><\/p>\n<p align=\"center\"><b>Okolice W\u0142oc\u0142awek\/P\u0142ock &#8211; sk\u0105d wywodzi si\u0119 nasza rodzina od strony Kaminskich.<\/b><\/p>\n<p align=\"center\"><span style=\"color: #008000;\">W chwili obecnej najwcze\u015bniejsze udokumentowane urodzenie:<br \/>\nJan Kaminski [P54] &#8211; <i>Dzier\u017c\u0105zna<\/i> (parafia Radziwie).<\/span><\/p>\n<p align=\"center\"><span style=\"color: #008000;\">Cho\u0107 niekt\u00f3re \u015blady prowadz\u0105 przez G\u0105bin do Wyszogrodu.<\/span><br \/>\n<span style=\"color: #008000;\"> Dlatego te\u017c pojawia si\u0119 nowa wersja mapy z uwzgl\u0119dnieniem tych miejscowo\u015bci.<\/span><\/p>\n<p align=\"center\"><img decoding=\"async\" loading=\"lazy\" src=\"http:\/\/kaminscy.pl\/images\/ozdob.gif\" width=\"100\" height=\"31\" border=\"0\" \/><\/p>\n<p style=\"text-align: left;\" align=\"center\"><i><b>POKOLENIE &#8211; -4<br \/>\n<\/b><span style=\"color: #800000;\">Najwcze\u015bniej udokumentowanymi przodkami s\u0105: J\u00f3zef Kaminski [P57] urodzony ok. 1835 roku i Julianna Go\u0142\u0119biewska [P138] urodzona ok. 1838 roku. Uda\u0142o mi si\u0119 znale\u017a\u0107 dokumenty J\u00f3zefa Kaminskiego [P438] , kt\u00f3ry po\u015blubia jednak Juliann\u0119 Michalsk\u0105 [P439]oraz J\u00f3zefa Kami\u0144skiego [P517], kt\u00f3ry po\u015blubia Juliann\u0119 Chybczy\u0144sk\u0105 [P518].<br \/>\n<span style=\"color: #000080;\">(Historia: Powstanie Styczniowe;)<\/span><\/span><\/i><i><br \/>\n<\/i><b><i>Zwracam si\u0119 z pro\u015bb\u0105 do os\u00f3b mog\u0105cych mi pom\u00f3c w wyja\u015bnieniu tej zawi\u0142o\u015bci o wszelkiego rodzaju informacje.<\/i><\/b><\/p>\n<p style=\"text-align: left;\" align=\"center\"><b>POKOLENIE &#8211; -3<br \/>\n<\/b><span style=\"color: #800000;\">Z J\u00f3zefa [P517] i Julianny Chybczy\u0144skiej [P518] rodzi si\u0119 w 1859 roku Szczepan [P516] by\u0107 mo\u017ce brat Jana [P54], urodz. 20\/12\/1868 w m. Dier\u017c\u0105zna, kt\u00f3ry jest synem J\u00f3zefa [P57] i Julianny Go\u0142\u0119biewskiej [P138]. Jan Bierze \u015blub Mariann\u0105 St\u0119pniak (p\u00f3\u017aniej St\u0119pczy\u0144sk\u0105). Przenosz\u0105 si\u0119 do Dobrzynia nad Wis\u0142\u0105. Jest w\u0142a\u015bcicielem lub dzier\u017cawi kamienic\u0119 na rynku w Dobrzyniu. Tam te\u017c umiera w 1938 roku.<\/span><br \/>\n<span style=\"color: #000080;\">(Historia: Powstanie Styczniowe; I wojna \u015bwiatowa).<\/span><\/p>\n<p style=\"text-align: left;\" align=\"center\"><b>POKOLENIE &#8211; -2<br \/>\n<\/b><span style=\"color: #800000;\">W\u015br\u00f3d siedmiorga rodze\u0144stwa rodzi si\u0119 w 1905 roku w Starym Duninowie Stefan [P8] (m\u00f3j dziadek). P\u00f3\u017aniej I wojna i odzyskanie niepodleg\u0142o\u015bci. Jeden z braci Stefana &#8211; Stanis\u0142aw [P261] bierze udzia\u0142 w 1920 roku w wojnie z bolszewikami. Stefan jest robotnikiem rolnym. Przenosi si\u0119 do W\u0142oc\u0142awka w poszukiwaniu pracy. W czasie II wojny pracuje przy budowie mostu . Po wojnie pracuje w Kujawskich Zak\u0142adach Maszyn Rolniczych (URSUS), tak\u017ce w Drumecie. Pocz\u0105tkowo mieszka przy ul. Polnej p\u00f3\u017aniej przy ul. Tumskiej.<\/span><br \/>\n<span style=\"color: #000080;\">(Historia: I\u00a0 i II wojna \u015bwiatowa, zawirowania polityczne &#8211; 1956,1968,1970,1980).<\/span><\/p>\n<p style=\"text-align: left;\" align=\"center\"><b>POKOLENIE &#8211; -1<br \/>\n<\/b><span style=\"color: #800000;\">Rodzina mojego ojca Kazimierza [P7] (ur. w 1934r w Wierznicy &#8211; ok. 5 km na p\u0142n. od Dobrzynia n.<span lang=\"en\">\u00a0<\/span>Wis\u0142\u0105) przenios\u0142a si\u0119 do W\u0142oc\u0142awka najprawdopodobniej w poszukiwaniu pracy, tu\u017c przed drug\u0105 wojn\u0105. Jako ma\u0142y ch\u0142opiec wi\u0119c prze\u017cy\u0142 czasy wojny ju\u017c we W\u0142oc\u0142awku. Uko\u0144czy\u0142 Technikum Budowlane w systemie wieczorowym. Pracowa\u0142 jako cie\u015bla budowlany.<\/span><br \/>\n<span style=\"color: #000080;\">(Historia:\u00a0 II wojna \u015bwiatowa, zawirowania polityczne &#8211; 1956,1968,1970,1980,1989-okr\u0105g\u0142y st\u00f3\u0142).<\/span><\/p>\n<p style=\"text-align: left;\" align=\"center\"><b>POKOLENIE &#8211; 0<br \/>\n<\/b><span style=\"color: #800000;\">W 1960 roku we W\u0142oc\u0142awku rodzi si\u0119 Tomasz.Ucz\u0119szcza do Szko\u0142y Podstawowej nr 2, a nast\u0119pnie do I Liceum Og\u00f3lnokszta\u0142c\u0105cego im. Ziemi Kujawskiej. W 1989 wyje\u017cd\u017ca do \u0141odzi na studia a 1984\u00a0 do wojska do Szczecina, gdzie bierze \u015blub Gra\u017cyn\u0105 z d. S\u00f3wka.<\/span><br \/>\n<span style=\"color: #000080;\">(Historia: sierpie\u0144&#8217;80 &#8211; praktyki studenckie, strajki studenckie &#8211; NZS &#8211; w samym centrum, Stan wojenny, 1989-&#8222;okr\u0105g\u0142y st\u00f3\u0142&#8221;, &#8230;)<\/span><\/p>\n<p style=\"text-align: left;\" align=\"center\"><b>POKOLENIE &#8211; +1<\/b><br \/>\n<span style=\"color: #800000;\">Syn Krzysztof [P10] rodzi si\u0119 ju\u017c w Szczecinie 1990r. Ucz\u0119szcza do Szk\u00f3\u0142: -Podstawowej nr 46 &#8211; Gimnazjum nr 19 &#8211; I Liceum Og\u00f3lnokszta\u0142c\u0105ce &#8211; Politechnika Szczeci\u0144ska (obecnie Zachodniopomorski Uniwersytet Techniczny).<\/span><\/p>\n<p style=\"text-align: left;\" align=\"center\"><img decoding=\"async\" loading=\"lazy\" class=\"aligncenter\" src=\"http:\/\/kaminscy.pl\/images\/BOOKS1.gif\" width=\"58\" height=\"61\" border=\"0\" \/><\/p>\n","protected":false},"excerpt":{"rendered":"<p>Zarys dziej\u00f3w mojej rodziny (Kaminskich) Okolice W\u0142oc\u0142awek\/P\u0142ock &#8211; sk\u0105d wywodzi si\u0119 nasza rodzina od strony Kaminskich. W chwili obecnej najwcze\u015bniejsze udokumentowane urodzenie: Jan Kaminski [P54] &#8211; Dzier\u017c\u0105zna (parafia Radziwie). Cho\u0107 niekt\u00f3re \u015blady prowadz\u0105 przez G\u0105bin do Wyszogrodu. Dlatego te\u017c pojawia si\u0119 nowa wersja mapy z uwzgl\u0119dnieniem tych miejscowo\u015bci. POKOLENIE &#8211; -4 Najwcze\u015bniej udokumentowanymi przodkami s\u0105: &hellip; <a href=\"https:\/\/kaminscy.pl\/index.php\/rodzina\/\" class=\"more-link\">Czytaj dalej<span class=\"screen-reader-text\"> Rodzina<\/span><\/a><\/p>\n","protected":false},"author":1,"featured_media":0,"parent":0,"menu_order":1,"comment_status":"closed","ping_status":"closed","template":"","meta":[],"_links":{"self":[{"href":"https:\/\/kaminscy.pl\/index.php\/wp-json\/wp\/v2\/pages\/27"}],"collection":[{"href":"https:\/\/kaminscy.pl\/index.php\/wp-json\/wp\/v2\/pages"}],"about":[{"href":"https:\/\/kaminscy.pl\/index.php\/wp-json\/wp\/v2\/types\/page"}],"author":[{"embeddable":true,"href":"https:\/\/kaminscy.pl\/index.php\/wp-json\/wp\/v2\/users\/1"}],"replies":[{"embeddable":true,"href":"https:\/\/kaminscy.pl\/index.php\/wp-json\/wp\/v2\/comments?post=27"}],"version-history":[{"count":6,"href":"https:\/\/kaminscy.pl\/index.php\/wp-json\/wp\/v2\/pages\/27\/revisions"}],"predecessor-version":[{"id":402,"href":"https:\/\/kaminscy.pl\/index.php\/wp-json\/wp\/v2\/pages\/27\/revisions\/402"}],"wp:attachment":[{"href":"https:\/\/kaminscy.pl\/index.php\/wp-json\/wp\/v2\/media?parent=27"}],"curies":[{"name":"wp","href":"https:\/\/api.w.org\/{rel}","templated":true}]}}