{"id":280,"date":"2017-02-24T19:25:30","date_gmt":"2017-02-24T18:25:30","guid":{"rendered":"http:\/\/genealogia.kaminscy.pl\/?page_id=280"},"modified":"2017-04-03T21:47:25","modified_gmt":"2017-04-03T19:47:25","slug":"kresy","status":"publish","type":"page","link":"https:\/\/kaminscy.pl\/index.php\/big-family\/kresy\/","title":{"rendered":"Kresy"},"content":{"rendered":"<p><img decoding=\"async\" loading=\"lazy\" class=\"alignnone size-full wp-image-202\" src=\"http:\/\/genealogia.kaminscy.pl\/wp-content\/uploads\/2017\/02\/NapBF1.jpg\" alt=\"\" width=\"138\" height=\"35\" \/><\/p>\n<p><img decoding=\"async\" loading=\"lazy\" class=\"alignnone size-full wp-image-213 aligncenter\" src=\"http:\/\/genealogia.kaminscy.pl\/wp-content\/uploads\/2017\/02\/ozdob.gif\" alt=\"\" width=\"100\" height=\"31\" \/><\/p>\n<table id=\"AutoNumber2\" border=\"0\" width=\"100%\" cellspacing=\"1\">\n<tbody>\n<tr>\n<td width=\"20%\">\n<p align=\"right\"><img decoding=\"async\" loading=\"lazy\" src=\"http:\/\/kaminscy.pl\/images\/W.gif\" width=\"63\" height=\"70\" border=\"0\" \/><\/p>\n<\/td>\n<td colspan=\"4\" valign=\"bottom\" width=\"80%\"><b><i>iele rodzin wywodzi swoje korzenie z kres\u00f3w wschodnich.<\/i><\/b><\/td>\n<\/tr>\n<tr>\n<td colspan=\"5\" width=\"100%\">\n<p align=\"center\"><i>Tak te\u017c jest z rodzin\u0105 Joanny Kami\u0144skiej, kt\u00f3rej przodkowie pochodz\u0105 z Dobrej na Wo\u0142yniu. Dzi\u0119ki materia\u0142om zebranym przez Joann\u0119 mo\u017cemy prze\u015bledzi\u0107 exodus rodziny z Wo\u0142ynia na Ziemi\u0119 Elbl\u0105sk\u0105.<br \/>\nZapraszam wszystkich spokrewnionych z t\u0105 ga\u0142\u0119zi\u0105 Kaminskich do sprawdzania danych, ich korekty i nadsy\u0142ania nowych uzupe\u0142niaj\u0105cych informacji.<\/i><\/p>\n<p align=\"center\"><i>Poni\u017cej mo\u017cna zapozna\u0107 si\u0119 z pe\u0142nym indeksemos\u00f3b, kt\u00f3ry zawiera 296 os\u00f3b (158 m. + 138 k.)<a href=\"http:\/\/genealogia.kaminscy.pl\/Wolyn\/surnlist.htm\"><img decoding=\"async\" loading=\"lazy\" src=\"http:\/\/kaminscy.pl\/images\/extra_accessories_263a.gif\" width=\"50\" height=\"51\" border=\"0\" \/><\/a><\/i><\/p>\n<\/td>\n<\/tr>\n<\/tbody>\n<\/table>\n","protected":false},"excerpt":{"rendered":"<p>iele rodzin wywodzi swoje korzenie z kres\u00f3w wschodnich. Tak te\u017c jest z rodzin\u0105 Joanny Kami\u0144skiej, kt\u00f3rej przodkowie pochodz\u0105 z Dobrej na Wo\u0142yniu. Dzi\u0119ki materia\u0142om zebranym przez Joann\u0119 mo\u017cemy prze\u015bledzi\u0107 exodus rodziny z Wo\u0142ynia na Ziemi\u0119 Elbl\u0105sk\u0105. Zapraszam wszystkich spokrewnionych z t\u0105 ga\u0142\u0119zi\u0105 Kaminskich do sprawdzania danych, ich korekty i nadsy\u0142ania nowych uzupe\u0142niaj\u0105cych informacji. Poni\u017cej mo\u017cna &hellip; <a href=\"https:\/\/kaminscy.pl\/index.php\/big-family\/kresy\/\" class=\"more-link\">Czytaj dalej<span class=\"screen-reader-text\"> Kresy<\/span><\/a><\/p>\n","protected":false},"author":1,"featured_media":0,"parent":102,"menu_order":52,"comment_status":"closed","ping_status":"closed","template":"","meta":[],"_links":{"self":[{"href":"https:\/\/kaminscy.pl\/index.php\/wp-json\/wp\/v2\/pages\/280"}],"collection":[{"href":"https:\/\/kaminscy.pl\/index.php\/wp-json\/wp\/v2\/pages"}],"about":[{"href":"https:\/\/kaminscy.pl\/index.php\/wp-json\/wp\/v2\/types\/page"}],"author":[{"embeddable":true,"href":"https:\/\/kaminscy.pl\/index.php\/wp-json\/wp\/v2\/users\/1"}],"replies":[{"embeddable":true,"href":"https:\/\/kaminscy.pl\/index.php\/wp-json\/wp\/v2\/comments?post=280"}],"version-history":[{"count":6,"href":"https:\/\/kaminscy.pl\/index.php\/wp-json\/wp\/v2\/pages\/280\/revisions"}],"predecessor-version":[{"id":355,"href":"https:\/\/kaminscy.pl\/index.php\/wp-json\/wp\/v2\/pages\/280\/revisions\/355"}],"up":[{"embeddable":true,"href":"https:\/\/kaminscy.pl\/index.php\/wp-json\/wp\/v2\/pages\/102"}],"wp:attachment":[{"href":"https:\/\/kaminscy.pl\/index.php\/wp-json\/wp\/v2\/media?parent=280"}],"curies":[{"name":"wp","href":"https:\/\/api.w.org\/{rel}","templated":true}]}}