{"id":282,"date":"2017-02-24T19:26:28","date_gmt":"2017-02-24T18:26:28","guid":{"rendered":"http:\/\/genealogia.kaminscy.pl\/?page_id=282"},"modified":"2017-02-24T19:34:08","modified_gmt":"2017-02-24T18:34:08","slug":"inne","status":"publish","type":"page","link":"https:\/\/kaminscy.pl\/index.php\/big-family\/inne\/","title":{"rendered":"Inne"},"content":{"rendered":"<p><img decoding=\"async\" loading=\"lazy\" class=\"alignnone size-full wp-image-202\" src=\"http:\/\/genealogia.kaminscy.pl\/wp-content\/uploads\/2017\/02\/NapBF1.jpg\" alt=\"\" width=\"138\" height=\"35\" \/><\/p>\n<p align=\"center\"><img decoding=\"async\" loading=\"lazy\" src=\"http:\/\/kaminscy.pl\/images\/ozdob.gif\" width=\"83\" height=\"29\" border=\"0\" \/><\/p>\n<p align=\"center\"><b><span style=\"color: #003300; font-size: large;\"><i>Ju\u017c jest !!! &#8211;<\/i><\/span><\/b><\/p>\n<p align=\"center\"><span style=\"color: #003300;\"><i>\u00a0dodatkowy indeks os\u00f3b nie zwi\u0105zanych jeszcze z rodzin\u0105 a nosz\u0105cych nazwisko Kami\u0144ski i wywodz\u0105cych si\u0119 z okolic W\u0142oc\u0142awek\/P\u0142ock.<br \/>\n<b><span style=\"font-size: large;\">Jest ju\u017c ich ponad 400.<\/span><\/b><\/i><\/span><\/p>\n<p align=\"center\"><span style=\"color: #003300;\"><i>Zapraszam wszystkich do przesy\u0142ania informacji &#8211; do wsp\u00f3\u0142uczestniczenia w tworzeniu bazy.<br \/>\nWszelkiego rodzaju informacje prosz\u0119 o przesy\u0142anie na poni\u017cszy adres:<\/i><\/span><\/p>\n<p align=\"center\"><a href=\"mailto:info@kaminscy.pl\"><img decoding=\"async\" loading=\"lazy\" src=\"http:\/\/kaminscy.pl\/images\/poczta.gif\" width=\"33\" height=\"24\" border=\"0\" \/><\/a><\/p>\n<p align=\"center\"><span style=\"color: #003300;\"><i>A wszystkich zainteresowanych zapraszam do zapoznania si\u0119 z poni\u017csz\u0105 baz\u0105.<br \/>\n<\/i><\/span><a href=\"http:\/\/kaminscy.pl\/others\/surnlist.htm\"> <img decoding=\"async\" loading=\"lazy\" src=\"http:\/\/kaminscy.pl\/images\/extra_accessories_263a.gif\" width=\"50\" height=\"51\" border=\"0\" \/><\/a><\/p>\n","protected":false},"excerpt":{"rendered":"<p>Ju\u017c jest !!! &#8211; \u00a0dodatkowy indeks os\u00f3b nie zwi\u0105zanych jeszcze z rodzin\u0105 a nosz\u0105cych nazwisko Kami\u0144ski i wywodz\u0105cych si\u0119 z okolic W\u0142oc\u0142awek\/P\u0142ock. Jest ju\u017c ich ponad 400. Zapraszam wszystkich do przesy\u0142ania informacji &#8211; do wsp\u00f3\u0142uczestniczenia w tworzeniu bazy. Wszelkiego rodzaju informacje prosz\u0119 o przesy\u0142anie na poni\u017cszy adres: A wszystkich zainteresowanych zapraszam do zapoznania si\u0119 z &hellip; <a href=\"https:\/\/kaminscy.pl\/index.php\/big-family\/inne\/\" class=\"more-link\">Czytaj dalej<span class=\"screen-reader-text\"> Inne<\/span><\/a><\/p>\n","protected":false},"author":1,"featured_media":0,"parent":102,"menu_order":53,"comment_status":"closed","ping_status":"closed","template":"","meta":[],"_links":{"self":[{"href":"https:\/\/kaminscy.pl\/index.php\/wp-json\/wp\/v2\/pages\/282"}],"collection":[{"href":"https:\/\/kaminscy.pl\/index.php\/wp-json\/wp\/v2\/pages"}],"about":[{"href":"https:\/\/kaminscy.pl\/index.php\/wp-json\/wp\/v2\/types\/page"}],"author":[{"embeddable":true,"href":"https:\/\/kaminscy.pl\/index.php\/wp-json\/wp\/v2\/users\/1"}],"replies":[{"embeddable":true,"href":"https:\/\/kaminscy.pl\/index.php\/wp-json\/wp\/v2\/comments?post=282"}],"version-history":[{"count":4,"href":"https:\/\/kaminscy.pl\/index.php\/wp-json\/wp\/v2\/pages\/282\/revisions"}],"predecessor-version":[{"id":290,"href":"https:\/\/kaminscy.pl\/index.php\/wp-json\/wp\/v2\/pages\/282\/revisions\/290"}],"up":[{"embeddable":true,"href":"https:\/\/kaminscy.pl\/index.php\/wp-json\/wp\/v2\/pages\/102"}],"wp:attachment":[{"href":"https:\/\/kaminscy.pl\/index.php\/wp-json\/wp\/v2\/media?parent=282"}],"curies":[{"name":"wp","href":"https:\/\/api.w.org\/{rel}","templated":true}]}}