{"id":492,"date":"2017-04-07T19:14:53","date_gmt":"2017-04-07T17:14:53","guid":{"rendered":"http:\/\/genealogia.kaminscy.pl\/?page_id=492"},"modified":"2017-04-07T19:16:53","modified_gmt":"2017-04-07T17:16:53","slug":"tadeusz-kaminski","status":"publish","type":"page","link":"https:\/\/kaminscy.pl\/index.php\/varia\/virtutimilitari\/tadeusz-kaminski\/","title":{"rendered":"Tadeusz Kami\u0144ski 08.08.1907-28.10.1980"},"content":{"rendered":"<p><span style=\"color: #008000;\"><i>zosta\u0142 odznaczony\u00a0 krzy\u017cem w <span style=\"color: #800000;\"><strong>06.091946<\/strong><\/span> r. za walk\u0119 m.in. pod Monte Cassino, by\u0142 ppor. w wojsku gen. Andersa. w II Korpusie Armii Polskiej od 1942 r. , po wojnie mieszka\u0142 w Londynie do roku 1976. Potem wr\u00f3ci\u0142 do ojczyzny. Tadeusz Kami\u0144ski ur. prawdopodobnie w Leopoli (Kresy) zmar\u0142 w Krakowie. Rodzicami jego byli Emilian Kami\u0144ski i Maria Kami\u0144ska z d. Zimmerhackel. Dziadkowie, opr\u00f3cz Tadeusza mieli jeszcze nast\u0119puj\u0105ce dzieci: El\u017cbieta , Janina, Jerzy, Bronis\u0142aw, Les\u0142aw, Zbigniew, Stanis\u0142aw, Alojzy. <\/i><\/span><br \/>\n<span style=\"color: #008000;\"> Krystyna Henke (15.02.2004)<\/span><\/p>\n","protected":false},"excerpt":{"rendered":"<p>zosta\u0142 odznaczony\u00a0 krzy\u017cem w 06.091946 r. za walk\u0119 m.in. pod Monte Cassino, by\u0142 ppor. w wojsku gen. Andersa. w II Korpusie Armii Polskiej od 1942 r. , po wojnie mieszka\u0142 w Londynie do roku 1976. Potem wr\u00f3ci\u0142 do ojczyzny. Tadeusz Kami\u0144ski ur. prawdopodobnie w Leopoli (Kresy) zmar\u0142 w Krakowie. Rodzicami jego byli Emilian Kami\u0144ski i &hellip; <a href=\"https:\/\/kaminscy.pl\/index.php\/varia\/virtutimilitari\/tadeusz-kaminski\/\" class=\"more-link\">Czytaj dalej<span class=\"screen-reader-text\"> Tadeusz Kami\u0144ski 08.08.1907-28.10.1980<\/span><\/a><\/p>\n","protected":false},"author":1,"featured_media":0,"parent":119,"menu_order":0,"comment_status":"closed","ping_status":"closed","template":"","meta":[],"_links":{"self":[{"href":"https:\/\/kaminscy.pl\/index.php\/wp-json\/wp\/v2\/pages\/492"}],"collection":[{"href":"https:\/\/kaminscy.pl\/index.php\/wp-json\/wp\/v2\/pages"}],"about":[{"href":"https:\/\/kaminscy.pl\/index.php\/wp-json\/wp\/v2\/types\/page"}],"author":[{"embeddable":true,"href":"https:\/\/kaminscy.pl\/index.php\/wp-json\/wp\/v2\/users\/1"}],"replies":[{"embeddable":true,"href":"https:\/\/kaminscy.pl\/index.php\/wp-json\/wp\/v2\/comments?post=492"}],"version-history":[{"count":3,"href":"https:\/\/kaminscy.pl\/index.php\/wp-json\/wp\/v2\/pages\/492\/revisions"}],"predecessor-version":[{"id":495,"href":"https:\/\/kaminscy.pl\/index.php\/wp-json\/wp\/v2\/pages\/492\/revisions\/495"}],"up":[{"embeddable":true,"href":"https:\/\/kaminscy.pl\/index.php\/wp-json\/wp\/v2\/pages\/119"}],"wp:attachment":[{"href":"https:\/\/kaminscy.pl\/index.php\/wp-json\/wp\/v2\/media?parent=492"}],"curies":[{"name":"wp","href":"https:\/\/api.w.org\/{rel}","templated":true}]}}