{"id":88,"date":"2017-02-20T16:16:50","date_gmt":"2017-02-20T15:16:50","guid":{"rendered":"http:\/\/heraldyka.kaminscy.pl\/?page_id=88"},"modified":"2017-04-02T16:06:44","modified_gmt":"2017-04-02T14:06:44","slug":"genealogia","status":"publish","type":"page","link":"https:\/\/kaminscy.pl\/index.php\/genealogia\/","title":{"rendered":"Genealogia"},"content":{"rendered":"<p><img decoding=\"async\" loading=\"lazy\" class=\"alignnone size-full wp-image-204\" src=\"http:\/\/genealogia.kaminscy.pl\/wp-content\/uploads\/2017\/02\/napgen.jpg\" alt=\"\" width=\"138\" height=\"35\" \/><\/p>\n<p><span style=\"color: #993300;\"><strong>Genealogia<\/strong><\/span> (z Greki \u03b3\u03b5\u03bd\u03b5\u03ac, genos \u2013 &#8222;r\u00f3d&#8221; oraz \u03bb\u03cc\u03b3\u03bf\u03c2, logos \u2013 &#8222;s\u0142owo&#8221;, &#8222;wiedza&#8221;) \u2014 jedna z nauk pomocniczych historii, zajmuj\u0105ca si\u0119 badaniem wi\u0119zi rodzinnych mi\u0119dzy lud\u017ami na bazie zachodz\u0105cego mi\u0119dzy nimi pokrewie\u0144stwa i powinowactwa. W szczeg\u00f3lno\u015bci przedmiotem zainteresowania genealogii s\u0105 wybrane rodziny i rody, ich pochodzenie, historia oraz wzajemne relacje rodzinne i losy poszczeg\u00f3lnych cz\u0142onk\u00f3w rodziny.<br \/>\nBadania genealogiczne prowadzi si\u0119 na podstawie swoistych \u017ar\u00f3de\u0142, w tym zw\u0142aszcza metryk. Po ustaleniu niezb\u0119dnych fakt\u00f3w genealogicznych sporz\u0105dza si\u0119 tablice genealogiczne ukazuj\u0105ce relacje mi\u0119dzy cz\u0142onkami rodziny (np. drzewo genealogiczne). Efekt bada\u0144 mo\u017ce przyj\u0105\u0107 r\u00f3wnie\u017c posta\u0107 innych publikacji papierowych (np. ksi\u0105\u017cka, skrypt, artyku\u0142), a wsp\u00f3\u0142cze\u015bnie tak\u017ce elektronicznych (np. w programie genealogicznym, na stronie internetowej). Publikacje takie cz\u0119sto s\u0105 uto\u017csamiane z genealogi\u0105 (genealogia danej rodziny).<\/p>\n<p>(za wikipedia.org)<\/p>\n","protected":false},"excerpt":{"rendered":"<p>Genealogia (z Greki \u03b3\u03b5\u03bd\u03b5\u03ac, genos \u2013 &#8222;r\u00f3d&#8221; oraz \u03bb\u03cc\u03b3\u03bf\u03c2, logos \u2013 &#8222;s\u0142owo&#8221;, &#8222;wiedza&#8221;) \u2014 jedna z nauk pomocniczych historii, zajmuj\u0105ca si\u0119 badaniem wi\u0119zi rodzinnych mi\u0119dzy lud\u017ami na bazie zachodz\u0105cego mi\u0119dzy nimi pokrewie\u0144stwa i powinowactwa. W szczeg\u00f3lno\u015bci przedmiotem zainteresowania genealogii s\u0105 wybrane rodziny i rody, ich pochodzenie, historia oraz wzajemne relacje rodzinne i losy poszczeg\u00f3lnych cz\u0142onk\u00f3w &hellip; <a href=\"https:\/\/kaminscy.pl\/index.php\/genealogia\/\" class=\"more-link\">Czytaj dalej<span class=\"screen-reader-text\"> Genealogia<\/span><\/a><\/p>\n","protected":false},"author":1,"featured_media":0,"parent":0,"menu_order":6,"comment_status":"closed","ping_status":"closed","template":"","meta":[],"_links":{"self":[{"href":"https:\/\/kaminscy.pl\/index.php\/wp-json\/wp\/v2\/pages\/88"}],"collection":[{"href":"https:\/\/kaminscy.pl\/index.php\/wp-json\/wp\/v2\/pages"}],"about":[{"href":"https:\/\/kaminscy.pl\/index.php\/wp-json\/wp\/v2\/types\/page"}],"author":[{"embeddable":true,"href":"https:\/\/kaminscy.pl\/index.php\/wp-json\/wp\/v2\/users\/1"}],"replies":[{"embeddable":true,"href":"https:\/\/kaminscy.pl\/index.php\/wp-json\/wp\/v2\/comments?post=88"}],"version-history":[{"count":4,"href":"https:\/\/kaminscy.pl\/index.php\/wp-json\/wp\/v2\/pages\/88\/revisions"}],"predecessor-version":[{"id":421,"href":"https:\/\/kaminscy.pl\/index.php\/wp-json\/wp\/v2\/pages\/88\/revisions\/421"}],"wp:attachment":[{"href":"https:\/\/kaminscy.pl\/index.php\/wp-json\/wp\/v2\/media?parent=88"}],"curies":[{"name":"wp","href":"https:\/\/api.w.org\/{rel}","templated":true}]}}