{"id":96,"date":"2017-02-20T16:30:06","date_gmt":"2017-02-20T15:30:06","guid":{"rendered":"http:\/\/heraldyka.kaminscy.pl\/?page_id=96"},"modified":"2017-02-25T11:33:42","modified_gmt":"2017-02-25T10:33:42","slug":"osoby","status":"publish","type":"page","link":"https:\/\/kaminscy.pl\/index.php\/galeria\/osoby\/","title":{"rendered":"Osoby"},"content":{"rendered":"<p><img decoding=\"async\" loading=\"lazy\" class=\"alignnone size-full wp-image-203\" src=\"http:\/\/genealogia.kaminscy.pl\/wp-content\/uploads\/2017\/02\/napGAL1.jpg\" alt=\"\" width=\"138\" height=\"35\" \/><\/p>\n<p style=\"text-align: center;\"><strong><i><span style=\"font-family: 'Times New Roman'; font-size: middle;\"><span style=\"color: #800000;\">Poni\u017cej zdj\u0119cia ze zbior\u00f3w rodzin Kaminskich i Maciejewskich.<\/span><br \/>\n<span style=\"font-family: 'Times New Roman'; font-size: small; color: #008000;\">Uprasza si\u0119 wszystkich cz\u0142onk\u00f3w mojej najbli\u017cszej rodziny o podes\u0142anie (cho\u0107by skan\u00f3w) zdj\u0119\u0107!!!<\/span><\/span><\/i><\/strong><\/p>\n<table id=\"AutoNumber1\" border=\"0\" width=\"100%\" cellspacing=\"0\" cellpadding=\"0\">\n<tbody>\n<tr>\n<td width=\"25%\" height=\"157\">\n<p align=\"center\"><img decoding=\"async\" loading=\"lazy\" src=\"http:\/\/kaminscy.pl\/images\/KaminskiJan.gif\" width=\"102\" height=\"139\" border=\"0\" \/><\/p>\n<p align=\"center\">Kaminski Jan [P54]<\/p>\n<\/td>\n<td rowspan=\"3\" width=\"25%\" height=\"314\">\n<p align=\"center\"><img decoding=\"async\" loading=\"lazy\" src=\"http:\/\/kaminscy.pl\/images\/KaminskiSt.gif\" width=\"200\" height=\"314\" border=\"0\" \/><\/p>\n<p align=\"center\">Kaminski Stanis\u0142aw [P261]<\/p>\n<\/td>\n<td width=\"25%\" height=\"157\">\n<p align=\"center\"><img decoding=\"async\" loading=\"lazy\" src=\"http:\/\/kaminscy.pl\/images\/ozdob.gif\" width=\"100\" height=\"31\" border=\"0\" \/><\/p>\n<\/td>\n<td rowspan=\"3\" width=\"25%\" height=\"314\">\n<p align=\"center\"><img decoding=\"async\" loading=\"lazy\" src=\"http:\/\/kaminscy.pl\/images\/AnastazjaKa.gif\" width=\"189\" height=\"298\" border=\"0\" \/><\/p>\n<p align=\"center\"><i>Anastazja Kami\u0144ska<\/i><i>[P262]<\/i><i> z &#8230;<\/i><\/p>\n<\/td>\n<\/tr>\n<tr>\n<td rowspan=\"2\" valign=\"top\" width=\"25%\" height=\"157\">\n<p align=\"center\"><img decoding=\"async\" loading=\"lazy\" src=\"http:\/\/kaminscy.pl\/images\/Aparat.gif\" width=\"72\" height=\"99\" border=\"0\" \/><\/p>\n<\/td>\n<td valign=\"top\" width=\"25%\" height=\"79\">\n<p align=\"center\"><img decoding=\"async\" loading=\"lazy\" src=\"http:\/\/kaminscy.pl\/images\/KaminskiStefan.gif\" width=\"109\" height=\"138\" border=\"0\" \/><\/p>\n<p align=\"center\"><i>Kaminski Stefan <\/i><i> [P8]<\/i><\/p>\n<\/td>\n<\/tr>\n<tr>\n<td valign=\"top\" width=\"25%\" height=\"78\">\n<p align=\"center\"><img decoding=\"async\" loading=\"lazy\" src=\"http:\/\/kaminscy.pl\/images\/ozdob.gif\" width=\"100\" height=\"31\" border=\"0\" \/><\/p>\n<\/td>\n<\/tr>\n<tr>\n<td rowspan=\"2\" width=\"25%\" height=\"71\">\n<p align=\"center\"><img decoding=\"async\" loading=\"lazy\" src=\"http:\/\/kaminscy.pl\/images\/DziadkowieM.gif\" width=\"200\" height=\"156\" border=\"0\" \/><\/p>\n<p align=\"center\">Marianna [P16] i Stanis\u0142aw [P15] Maciejewscy<\/p>\n<\/td>\n<td rowspan=\"3\" width=\"25%\" height=\"66\">\n<p align=\"center\"><img decoding=\"async\" loading=\"lazy\" src=\"http:\/\/kaminscy.pl\/images\/ozdob.gif\" width=\"100\" height=\"31\" border=\"0\" \/><\/p>\n<\/td>\n<td rowspan=\"5\" width=\"25%\" height=\"131\">\n<p align=\"center\"><img decoding=\"async\" loading=\"lazy\" src=\"http:\/\/kaminscy.pl\/images\/MaciejewskaMa.gif\" width=\"200\" height=\"311\" border=\"0\" \/><\/p>\n<p align=\"center\">Maciejewska Marianna [P16] z dzie\u0107mi: Janusz [P23] oraz Anna [P14] (Kaminska)<\/p>\n<\/td>\n<td width=\"25%\" height=\"17\">\n<p align=\"center\"><img decoding=\"async\" loading=\"lazy\" src=\"http:\/\/kaminscy.pl\/images\/Aparat.gif\" width=\"66\" height=\"90\" border=\"0\" \/><\/p>\n<\/td>\n<\/tr>\n<tr>\n<td rowspan=\"3\" width=\"25%\" height=\"82\">\n<p align=\"center\"><img decoding=\"async\" loading=\"lazy\" src=\"http:\/\/kaminscy.pl\/images\/MaciejewskaMa2.gif\" width=\"148\" height=\"200\" border=\"0\" \/><\/p>\n<p align=\"center\"><i>Maciejewska Marianna <\/i><i> [P16]<\/i><\/p>\n<\/td>\n<\/tr>\n<tr>\n<td rowspan=\"2\" align=\"center\" valign=\"top\" width=\"25%\" height=\"65\"><\/td>\n<\/tr>\n<tr>\n<td rowspan=\"4\" width=\"25%\" height=\"83\">\n<p align=\"center\"><img decoding=\"async\" loading=\"lazy\" src=\"http:\/\/kaminscy.pl\/images\/MaciejewskaMa1.gif\" width=\"147\" height=\"200\" border=\"0\" \/><\/p>\n<p align=\"center\"><i>Maciejewska Marianna <\/i><i> [P16]<\/i><\/p>\n<\/td>\n<\/tr>\n<tr>\n<td width=\"25%\" height=\"30\">\u00a0<img decoding=\"async\" loading=\"lazy\" class=\"aligncenter\" src=\"http:\/\/kaminscy.pl\/images\/ozdob.gif\" width=\"100\" height=\"31\" border=\"0\" \/><\/td>\n<td width=\"25%\" height=\"32\">\n<p align=\"center\"><img decoding=\"async\" loading=\"lazy\" src=\"http:\/\/kaminscy.pl\/images\/ozdob.gif\" width=\"100\" height=\"31\" border=\"0\" \/><\/p>\n<\/td>\n<\/tr>\n<tr>\n<td width=\"25%\" height=\"34\"><\/td>\n<td width=\"25%\" height=\"34\"><\/td>\n<td width=\"25%\" height=\"34\"><\/td>\n<\/tr>\n<\/tbody>\n<\/table>\n","protected":false},"excerpt":{"rendered":"<p>Poni\u017cej zdj\u0119cia ze zbior\u00f3w rodzin Kaminskich i Maciejewskich. Uprasza si\u0119 wszystkich cz\u0142onk\u00f3w mojej najbli\u017cszej rodziny o podes\u0142anie (cho\u0107by skan\u00f3w) zdj\u0119\u0107!!! Kaminski Jan [P54] Kaminski Stanis\u0142aw [P261] Anastazja Kami\u0144ska[P262] z &#8230; Kaminski Stefan [P8] Marianna [P16] i Stanis\u0142aw [P15] Maciejewscy Maciejewska Marianna [P16] z dzie\u0107mi: Janusz [P23] oraz Anna [P14] (Kaminska) Maciejewska Marianna [P16] Maciejewska Marianna &hellip; <a href=\"https:\/\/kaminscy.pl\/index.php\/galeria\/osoby\/\" class=\"more-link\">Czytaj dalej<span class=\"screen-reader-text\"> Osoby<\/span><\/a><\/p>\n","protected":false},"author":1,"featured_media":0,"parent":69,"menu_order":31,"comment_status":"closed","ping_status":"closed","template":"","meta":[],"_links":{"self":[{"href":"https:\/\/kaminscy.pl\/index.php\/wp-json\/wp\/v2\/pages\/96"}],"collection":[{"href":"https:\/\/kaminscy.pl\/index.php\/wp-json\/wp\/v2\/pages"}],"about":[{"href":"https:\/\/kaminscy.pl\/index.php\/wp-json\/wp\/v2\/types\/page"}],"author":[{"embeddable":true,"href":"https:\/\/kaminscy.pl\/index.php\/wp-json\/wp\/v2\/users\/1"}],"replies":[{"embeddable":true,"href":"https:\/\/kaminscy.pl\/index.php\/wp-json\/wp\/v2\/comments?post=96"}],"version-history":[{"count":10,"href":"https:\/\/kaminscy.pl\/index.php\/wp-json\/wp\/v2\/pages\/96\/revisions"}],"predecessor-version":[{"id":381,"href":"https:\/\/kaminscy.pl\/index.php\/wp-json\/wp\/v2\/pages\/96\/revisions\/381"}],"up":[{"embeddable":true,"href":"https:\/\/kaminscy.pl\/index.php\/wp-json\/wp\/v2\/pages\/69"}],"wp:attachment":[{"href":"https:\/\/kaminscy.pl\/index.php\/wp-json\/wp\/v2\/media?parent=96"}],"curies":[{"name":"wp","href":"https:\/\/api.w.org\/{rel}","templated":true}]}}