{"id":98,"date":"2017-02-20T16:30:37","date_gmt":"2017-02-20T15:30:37","guid":{"rendered":"http:\/\/heraldyka.kaminscy.pl\/?page_id=98"},"modified":"2017-02-25T11:48:45","modified_gmt":"2017-02-25T10:48:45","slug":"miejsca","status":"publish","type":"page","link":"https:\/\/kaminscy.pl\/index.php\/galeria\/miejsca\/","title":{"rendered":"Miejsca"},"content":{"rendered":"<p><img decoding=\"async\" loading=\"lazy\" class=\"alignnone size-full wp-image-203\" src=\"http:\/\/genealogia.kaminscy.pl\/wp-content\/uploads\/2017\/02\/napGAL1.jpg\" alt=\"\" width=\"138\" height=\"35\" \/><\/p>\n<p><img decoding=\"async\" loading=\"lazy\" class=\"alignnone size-full wp-image-213 aligncenter\" src=\"http:\/\/genealogia.kaminscy.pl\/wp-content\/uploads\/2017\/02\/ozdob.gif\" alt=\"\" width=\"100\" height=\"31\" \/><\/p>\n<p style=\"text-align: center;\"><span style=\"color: #800000;\">Zdj\u0119cia starego W\u0142oc\u0142awka<\/span><\/p>\n<table id=\"AutoNumber1\" border=\"0\" width=\"100%\" cellspacing=\"0\" cellpadding=\"0\">\n<tbody>\n<tr>\n<td width=\"50%\">\n<p align=\"center\"><img decoding=\"async\" loading=\"lazy\" src=\"http:\/\/kaminscy.pl\/images\/Castlewlc.jpg\" width=\"344\" height=\"130\" border=\"0\" \/><\/p>\n<\/td>\n<td width=\"50%\">\n<p align=\"center\"><img decoding=\"async\" loading=\"lazy\" src=\"http:\/\/kaminscy.pl\/images\/P5030367A.jpg\" width=\"331\" height=\"131\" border=\"0\" \/><\/p>\n<\/td>\n<\/tr>\n<tr>\n<td width=\"50%\">\n<p align=\"center\"><span id=\"11bowh\" style=\"color: #800000;\"><b>Zamek 1-sza po\u0142owa XVII wieku <\/b><br \/>\n<span style=\"font-size: small;\">rycina zaczerpni\u0119ta z &#8222;Dziennika&#8221; A.Boota<\/span><\/span><\/p>\n<\/td>\n<td width=\"50%\">\n<p align=\"center\"><span style=\"color: #800000;\"><b>Pa\u0142ac Biskupi I-sza po\u0142owa XXI wieku<\/b><br \/>\n<span style=\"font-size: small;\">zdj\u0119cie zaczerpni\u0119te z zasob\u00f3w autora strony<\/span><\/span><\/p>\n<\/td>\n<\/tr>\n<\/tbody>\n<\/table>\n<table id=\"AutoNumber2\" border=\"0\" width=\"100%\" cellspacing=\"0\" cellpadding=\"0\">\n<tbody>\n<tr>\n<td colspan=\"2\" width=\"19%\" height=\"110\">\n<p align=\"center\"><a href=\"http:\/\/kaminscy.pl\/images\/d35.jpg\"><img decoding=\"async\" loading=\"lazy\" id=\"big\" src=\"http:\/\/kaminscy.pl\/images\/d35_small.jpg\" width=\"165\" height=\"106\" border=\"2\" \/><\/a><\/p>\n<\/td>\n<td colspan=\"2\" width=\"56%\" height=\"110\"><i><span style=\"color: #800000; font-size: small;\"> Budowa mostu<\/span><\/i><\/td>\n<td width=\"25%\" height=\"110\">\n<p align=\"center\"><img decoding=\"async\" loading=\"lazy\" src=\"http:\/\/kaminscy.pl\/images\/Aparat.gif\" width=\"70\" height=\"96\" border=\"0\" \/><\/p>\n<\/td>\n<\/tr>\n<tr>\n<td colspan=\"2\" width=\"19%\" height=\"135\"><\/td>\n<td width=\"31%\" height=\"135\"><a href=\"http:\/\/kaminscy.pl\/images\/e18.jpg\"><img decoding=\"async\" loading=\"lazy\" id=\"big0\" src=\"http:\/\/kaminscy.pl\/images\/e18_small.jpg\" width=\"186\" height=\"127\" border=\"2\" hspace=\"2\" vspace=\"2\" \/><\/a><\/td>\n<td colspan=\"2\" width=\"50%\" height=\"135\"><i><span style=\"color: #800000; font-size: small;\"> ul. \u017babia<\/span><\/i><\/td>\n<\/tr>\n<tr>\n<td colspan=\"2\" width=\"19%\" height=\"121\">\n<p align=\"center\"><img decoding=\"async\" loading=\"lazy\" src=\"http:\/\/kaminscy.pl\/images\/Aparat.gif\" width=\"68\" height=\"89\" border=\"0\" \/><\/p>\n<\/td>\n<td colspan=\"2\" width=\"56%\" height=\"121\">\n<p align=\"right\"><span style=\"color: #800000; font-size: small;\"><i>Pl. Wolno\u015bci\u00a0 <\/i> <\/span><\/p>\n<\/td>\n<td width=\"25%\" height=\"121\"><a href=\"http:\/\/kaminscy.pl\/images\/d59.jpg\"><img decoding=\"async\" loading=\"lazy\" id=\"big1\" src=\"http:\/\/kaminscy.pl\/images\/d59_small.jpg\" width=\"180\" height=\"117\" border=\"2\" \/><\/a><\/td>\n<\/tr>\n<\/tbody>\n<\/table>\n","protected":false},"excerpt":{"rendered":"<p>Zdj\u0119cia starego W\u0142oc\u0142awka Zamek 1-sza po\u0142owa XVII wieku rycina zaczerpni\u0119ta z &#8222;Dziennika&#8221; A.Boota Pa\u0142ac Biskupi I-sza po\u0142owa XXI wieku zdj\u0119cie zaczerpni\u0119te z zasob\u00f3w autora strony Budowa mostu ul. \u017babia Pl. Wolno\u015bci\u00a0<\/p>\n","protected":false},"author":1,"featured_media":0,"parent":69,"menu_order":33,"comment_status":"closed","ping_status":"closed","template":"","meta":[],"_links":{"self":[{"href":"https:\/\/kaminscy.pl\/index.php\/wp-json\/wp\/v2\/pages\/98"}],"collection":[{"href":"https:\/\/kaminscy.pl\/index.php\/wp-json\/wp\/v2\/pages"}],"about":[{"href":"https:\/\/kaminscy.pl\/index.php\/wp-json\/wp\/v2\/types\/page"}],"author":[{"embeddable":true,"href":"https:\/\/kaminscy.pl\/index.php\/wp-json\/wp\/v2\/users\/1"}],"replies":[{"embeddable":true,"href":"https:\/\/kaminscy.pl\/index.php\/wp-json\/wp\/v2\/comments?post=98"}],"version-history":[{"count":7,"href":"https:\/\/kaminscy.pl\/index.php\/wp-json\/wp\/v2\/pages\/98\/revisions"}],"predecessor-version":[{"id":384,"href":"https:\/\/kaminscy.pl\/index.php\/wp-json\/wp\/v2\/pages\/98\/revisions\/384"}],"up":[{"embeddable":true,"href":"https:\/\/kaminscy.pl\/index.php\/wp-json\/wp\/v2\/pages\/69"}],"wp:attachment":[{"href":"https:\/\/kaminscy.pl\/index.php\/wp-json\/wp\/v2\/media?parent=98"}],"curies":[{"name":"wp","href":"https:\/\/api.w.org\/{rel}","templated":true}]}}